{"id":697,"date":"2025-04-16T16:03:47","date_gmt":"2025-04-16T15:03:47","guid":{"rendered":"https:\/\/mirureformes.com\/privadesa\/"},"modified":"2025-04-16T16:30:33","modified_gmt":"2025-04-16T15:30:33","slug":"privadesa","status":"publish","type":"page","link":"https:\/\/mirureformes.com\/ca\/privadesa\/","title":{"rendered":"Privadesa"},"content":{"rendered":"\t\t<div data-elementor-type=\"wp-page\" data-elementor-id=\"697\" class=\"elementor elementor-697 elementor-661\" data-elementor-post-type=\"page\">\n\t\t\t\t<div class=\"elementor-element elementor-element-392a90e1 e-con-full e-flex e-con e-parent\" data-id=\"392a90e1\" data-element_type=\"container\" data-e-type=\"container\" data-settings=\"{&quot;background_background&quot;:&quot;classic&quot;}\">\n\t\t<div class=\"elementor-element elementor-element-23caea11 e-con-full e-flex e-con e-child\" data-id=\"23caea11\" data-element_type=\"container\" data-e-type=\"container\">\n\t\t\t\t<div class=\"elementor-element elementor-element-7d727192 elementor-widget elementor-widget-heading\" data-id=\"7d727192\" data-element_type=\"widget\" data-e-type=\"widget\" data-widget_type=\"heading.default\">\n\t\t\t\t<div class=\"elementor-widget-container\">\n\t\t\t\t\t<h1 class=\"elementor-heading-title elementor-size-default\">POL\u00cdTICA DE PRIVACITAT<\/h1>\t\t\t\t<\/div>\n\t\t\t\t<\/div>\n\t\t\t\t<\/div>\n\t\t\t\t<div class=\"elementor-element elementor-element-45703ed elementor-widget elementor-widget-text-editor\" data-id=\"45703ed\" data-element_type=\"widget\" data-e-type=\"widget\" data-widget_type=\"text-editor.default\">\n\t\t\t\t<div class=\"elementor-widget-container\">\n\t\t\t\t\t\t\t\t\t<p><strong>1. Introducci\u00f3<\/strong><\/p><p>A Miru Reformes, propietat de Rub\u00e9n Castellano Flores (DNI 77616360P), ens comprometem a protegir la privadesa i seguretat de les dades personals dels nostres usuaris. Aquesta pol\u00edtica de privadesa explica com recopilem, utilitzem, emmagatzemem i protegim la teva informaci\u00f3.<\/p><p><strong>2. Informaci\u00f3 que Recopilem<\/strong><\/p><p>Recopilem informaci\u00f3 personal que ens proporciones directament quan interactues amb la nostra web, com a nom, adre\u00e7a de correu electr\u00f2nic, n\u00famero de tel\u00e8fon i qualsevol altra dada necess\u00e0ria per prestar els nostres serveis. Tamb\u00e9 podem recopilar dades autom\u00e0ticament a trav\u00e9s de galetes o tecnologies similars quan navegues per la nostra p\u00e0gina.<\/p><p><strong>3. Finalitat del Tractament de les Dades<\/strong><\/p><p>Utilitzem les dades que recopilem per a:<\/p><p>Proveir els nostres serveis.<\/p><p>Comunicar-nos amb tu i oferir-te informaci\u00f3 rellevant.<\/p><p>Millorar la nostra p\u00e0gina web i lexperi\u00e8ncia dusuari.<\/p><p>Complir les nostres obligacions legals.<\/p><p><strong>4. Compartici\u00f3 de Dades<\/strong><\/p><p>Les teves dades no seran compartides amb tercers, excepte quan sigui estrictament necessari per a la prestaci\u00f3 dels serveis o quan la llei ho exigeixi.<\/p><p><strong>5. Drets de l&#8217;Usuari<\/strong><\/p><p>Com a usuari, tens dret a accedir, rectificar o eliminar les teves dades, aix\u00ed com a oposar-te o limitar-ne el tractament. Per exercir els teus drets, ens pots contactar al C\/Gaud\u00ed 34, 2-2, 08490 Tordera o enviant un correu a miru@mirureformes.com.<\/p><p><strong>6. Seguretat de les Dades<\/strong><\/p><p>Adoptem mesures de seguretat t\u00e8cniques i organitzatives per protegir les teves dades davant d&#8217;accessos no autoritzats, p\u00e8rdua o destrucci\u00f3.<\/p><p><strong>7. Modificacions a la Pol\u00edtica de Privadesa<\/strong><\/p><p>Ens reservem el dret de modificar aquesta pol\u00edtica de privadesa en qualsevol moment. Els canvis seran publicats a la nostra web.<\/p>\t\t\t\t\t\t\t\t<\/div>\n\t\t\t\t<\/div>\n\t\t\t\t<\/div>\n\t\t\t\t<\/div>\n\t\t","protected":false},"excerpt":{"rendered":"<p>POL\u00cdTICA DE PRIVACITAT 1. Introducci\u00f3 A Miru Reformes, propietat de Rub\u00e9n Castellano Flores (DNI 77616360P), ens comprometem a protegir la privadesa i seguretat de les dades personals dels nostres usuaris. Aquesta pol\u00edtica de privadesa explica com recopilem, utilitzem, emmagatzemem i protegim la teva informaci\u00f3. 2. Informaci\u00f3 que Recopilem Recopilem informaci\u00f3 personal que ens proporciones directament [&hellip;]<\/p>\n","protected":false},"author":1,"featured_media":0,"parent":0,"menu_order":0,"comment_status":"closed","ping_status":"closed","template":"","meta":{"footnotes":""},"class_list":["post-697","page","type-page","status-publish","hentry"],"yoast_head":"<!-- This site is optimized with the Yoast SEO plugin v27.4 - https:\/\/yoast.com\/product\/yoast-seo-wordpress\/ -->\n<title>Privadesa - miru<\/title>\n<meta name=\"robots\" content=\"index, follow, max-snippet:-1, max-image-preview:large, max-video-preview:-1\" \/>\n<link rel=\"canonical\" href=\"https:\/\/mirureformes.com\/ca\/privadesa\/\" \/>\n<meta property=\"og:locale\" content=\"ca_ES\" \/>\n<meta property=\"og:type\" content=\"article\" \/>\n<meta property=\"og:title\" content=\"Privadesa - miru\" \/>\n<meta property=\"og:description\" content=\"POL\u00cdTICA DE PRIVACITAT 1. Introducci\u00f3 A Miru Reformes, propietat de Rub\u00e9n Castellano Flores (DNI 77616360P), ens comprometem a protegir la privadesa i seguretat de les dades personals dels nostres usuaris. Aquesta pol\u00edtica de privadesa explica com recopilem, utilitzem, emmagatzemem i protegim la teva informaci\u00f3. 2. Informaci\u00f3 que Recopilem Recopilem informaci\u00f3 personal que ens proporciones directament [&hellip;]\" \/>\n<meta property=\"og:url\" content=\"https:\/\/mirureformes.com\/ca\/privadesa\/\" \/>\n<meta property=\"og:site_name\" content=\"miru\" \/>\n<meta property=\"article:modified_time\" content=\"2025-04-16T15:30:33+00:00\" \/>\n<meta name=\"twitter:card\" content=\"summary_large_image\" \/>\n<meta name=\"twitter:label1\" content=\"Temps estimat de lectura\" \/>\n\t<meta name=\"twitter:data1\" content=\"1 minut\" \/>\n<script type=\"application\/ld+json\" class=\"yoast-schema-graph\">{\"@context\":\"https:\\\/\\\/schema.org\",\"@graph\":[{\"@type\":\"WebPage\",\"@id\":\"https:\\\/\\\/mirureformes.com\\\/ca\\\/privadesa\\\/\",\"url\":\"https:\\\/\\\/mirureformes.com\\\/ca\\\/privadesa\\\/\",\"name\":\"Privadesa - miru\",\"isPartOf\":{\"@id\":\"https:\\\/\\\/mirureformes.com\\\/ca\\\/#website\"},\"datePublished\":\"2025-04-16T15:03:47+00:00\",\"dateModified\":\"2025-04-16T15:30:33+00:00\",\"breadcrumb\":{\"@id\":\"https:\\\/\\\/mirureformes.com\\\/ca\\\/privadesa\\\/#breadcrumb\"},\"inLanguage\":\"ca\",\"potentialAction\":[{\"@type\":\"ReadAction\",\"target\":[\"https:\\\/\\\/mirureformes.com\\\/ca\\\/privadesa\\\/\"]}]},{\"@type\":\"BreadcrumbList\",\"@id\":\"https:\\\/\\\/mirureformes.com\\\/ca\\\/privadesa\\\/#breadcrumb\",\"itemListElement\":[{\"@type\":\"ListItem\",\"position\":1,\"name\":\"Home\",\"item\":\"https:\\\/\\\/mirureformes.com\\\/ca\\\/\"},{\"@type\":\"ListItem\",\"position\":2,\"name\":\"Privadesa\"}]},{\"@type\":\"WebSite\",\"@id\":\"https:\\\/\\\/mirureformes.com\\\/ca\\\/#website\",\"url\":\"https:\\\/\\\/mirureformes.com\\\/ca\\\/\",\"name\":\"miru\",\"description\":\"\",\"potentialAction\":[{\"@type\":\"SearchAction\",\"target\":{\"@type\":\"EntryPoint\",\"urlTemplate\":\"https:\\\/\\\/mirureformes.com\\\/ca\\\/?s={search_term_string}\"},\"query-input\":{\"@type\":\"PropertyValueSpecification\",\"valueRequired\":true,\"valueName\":\"search_term_string\"}}],\"inLanguage\":\"ca\"}]}<\/script>\n<!-- \/ Yoast SEO plugin. -->","yoast_head_json":{"title":"Privadesa - miru","robots":{"index":"index","follow":"follow","max-snippet":"max-snippet:-1","max-image-preview":"max-image-preview:large","max-video-preview":"max-video-preview:-1"},"canonical":"https:\/\/mirureformes.com\/ca\/privadesa\/","og_locale":"ca_ES","og_type":"article","og_title":"Privadesa - miru","og_description":"POL\u00cdTICA DE PRIVACITAT 1. Introducci\u00f3 A Miru Reformes, propietat de Rub\u00e9n Castellano Flores (DNI 77616360P), ens comprometem a protegir la privadesa i seguretat de les dades personals dels nostres usuaris. Aquesta pol\u00edtica de privadesa explica com recopilem, utilitzem, emmagatzemem i protegim la teva informaci\u00f3. 2. Informaci\u00f3 que Recopilem Recopilem informaci\u00f3 personal que ens proporciones directament [&hellip;]","og_url":"https:\/\/mirureformes.com\/ca\/privadesa\/","og_site_name":"miru","article_modified_time":"2025-04-16T15:30:33+00:00","twitter_card":"summary_large_image","twitter_misc":{"Temps estimat de lectura":"1 minut"},"schema":{"@context":"https:\/\/schema.org","@graph":[{"@type":"WebPage","@id":"https:\/\/mirureformes.com\/ca\/privadesa\/","url":"https:\/\/mirureformes.com\/ca\/privadesa\/","name":"Privadesa - miru","isPartOf":{"@id":"https:\/\/mirureformes.com\/ca\/#website"},"datePublished":"2025-04-16T15:03:47+00:00","dateModified":"2025-04-16T15:30:33+00:00","breadcrumb":{"@id":"https:\/\/mirureformes.com\/ca\/privadesa\/#breadcrumb"},"inLanguage":"ca","potentialAction":[{"@type":"ReadAction","target":["https:\/\/mirureformes.com\/ca\/privadesa\/"]}]},{"@type":"BreadcrumbList","@id":"https:\/\/mirureformes.com\/ca\/privadesa\/#breadcrumb","itemListElement":[{"@type":"ListItem","position":1,"name":"Home","item":"https:\/\/mirureformes.com\/ca\/"},{"@type":"ListItem","position":2,"name":"Privadesa"}]},{"@type":"WebSite","@id":"https:\/\/mirureformes.com\/ca\/#website","url":"https:\/\/mirureformes.com\/ca\/","name":"miru","description":"","potentialAction":[{"@type":"SearchAction","target":{"@type":"EntryPoint","urlTemplate":"https:\/\/mirureformes.com\/ca\/?s={search_term_string}"},"query-input":{"@type":"PropertyValueSpecification","valueRequired":true,"valueName":"search_term_string"}}],"inLanguage":"ca"}]}},"_links":{"self":[{"href":"https:\/\/mirureformes.com\/ca\/wp-json\/wp\/v2\/pages\/697","targetHints":{"allow":["GET"]}}],"collection":[{"href":"https:\/\/mirureformes.com\/ca\/wp-json\/wp\/v2\/pages"}],"about":[{"href":"https:\/\/mirureformes.com\/ca\/wp-json\/wp\/v2\/types\/page"}],"author":[{"embeddable":true,"href":"https:\/\/mirureformes.com\/ca\/wp-json\/wp\/v2\/users\/1"}],"replies":[{"embeddable":true,"href":"https:\/\/mirureformes.com\/ca\/wp-json\/wp\/v2\/comments?post=697"}],"version-history":[{"count":0,"href":"https:\/\/mirureformes.com\/ca\/wp-json\/wp\/v2\/pages\/697\/revisions"}],"wp:attachment":[{"href":"https:\/\/mirureformes.com\/ca\/wp-json\/wp\/v2\/media?parent=697"}],"curies":[{"name":"wp","href":"https:\/\/api.w.org\/{rel}","templated":true}]}}