{"id":695,"date":"2025-02-25T21:35:59","date_gmt":"2025-02-25T20:35:59","guid":{"rendered":"https:\/\/mirureformes.com\/financament\/"},"modified":"2025-04-17T10:18:25","modified_gmt":"2025-04-17T09:18:25","slug":"financament","status":"publish","type":"page","link":"https:\/\/mirureformes.com\/ca\/financament\/","title":{"rendered":"Finan\u00e7ament"},"content":{"rendered":"\t\t<div data-elementor-type=\"wp-page\" data-elementor-id=\"695\" class=\"elementor elementor-695 elementor-34\" data-elementor-post-type=\"page\">\n\t\t\t\t<div class=\"elementor-element elementor-element-c4db55f e-con-full e-flex e-con e-parent\" data-id=\"c4db55f\" data-element_type=\"container\" data-e-type=\"container\" data-settings=\"{&quot;background_background&quot;:&quot;classic&quot;}\">\n\t\t<div class=\"elementor-element elementor-element-9b89d7c e-con-full e-flex e-con e-child\" data-id=\"9b89d7c\" data-element_type=\"container\" data-e-type=\"container\">\n\t\t\t\t<div class=\"elementor-element elementor-element-2cf4aba elementor-widget elementor-widget-heading\" data-id=\"2cf4aba\" data-element_type=\"widget\" data-e-type=\"widget\" data-widget_type=\"heading.default\">\n\t\t\t\t<div class=\"elementor-widget-container\">\n\t\t\t\t\t<h1 class=\"elementor-heading-title elementor-size-default\">FINAN\u00c7AMENT DE FINESTRES<\/h1>\t\t\t\t<\/div>\n\t\t\t\t<\/div>\n\t\t\t\t<\/div>\n\t\t<div class=\"elementor-element elementor-element-1670e7f e-con-full e-flex e-con e-child\" data-id=\"1670e7f\" data-element_type=\"container\" data-e-type=\"container\">\n\t\t<div class=\"elementor-element elementor-element-9f600f3 e-con-full e-flex e-con e-child\" data-id=\"9f600f3\" data-element_type=\"container\" data-e-type=\"container\">\n\t\t<div class=\"elementor-element elementor-element-33be357 e-con-full e-flex e-con e-child\" data-id=\"33be357\" data-element_type=\"container\" data-e-type=\"container\">\n\t\t\t\t<div class=\"elementor-element elementor-element-28a56dc elementor-widget elementor-widget-heading\" data-id=\"28a56dc\" data-element_type=\"widget\" data-e-type=\"widget\" data-widget_type=\"heading.default\">\n\t\t\t\t<div class=\"elementor-widget-container\">\n\t\t\t\t\t<h2 class=\"elementor-heading-title elementor-size-default\">FINAN\u00c7AMENT DEL 100%<\/h2>\t\t\t\t<\/div>\n\t\t\t\t<\/div>\n\t\t\t\t<div class=\"elementor-element elementor-element-7309fc8 elementor-widget elementor-widget-text-editor\" data-id=\"7309fc8\" data-element_type=\"widget\" data-e-type=\"widget\" data-widget_type=\"text-editor.default\">\n\t\t\t\t<div class=\"elementor-widget-container\">\n\t\t\t\t\t\t\t\t\t<p>Finan\u00e7ament del 100% del CANVI DE FINESTRES, en col\u00b7laboraci\u00f3 amb el Banc Sabadell.<\/p>\t\t\t\t\t\t\t\t<\/div>\n\t\t\t\t<\/div>\n\t\t\t\t<\/div>\n\t\t<div class=\"elementor-element elementor-element-d030d08 e-con-full e-flex e-con e-child\" data-id=\"d030d08\" data-element_type=\"container\" data-e-type=\"container\">\n\t\t\t\t<div class=\"elementor-element elementor-element-8c51709 elementor-widget elementor-widget-heading\" data-id=\"8c51709\" data-element_type=\"widget\" data-e-type=\"widget\" data-widget_type=\"heading.default\">\n\t\t\t\t<div class=\"elementor-widget-container\">\n\t\t\t\t\t<h2 class=\"elementor-heading-title elementor-size-default\">FINAN\u00c7AMENT SENSE INTERESSOS<\/h2>\t\t\t\t<\/div>\n\t\t\t\t<\/div>\n\t\t\t\t<div class=\"elementor-element elementor-element-40561be elementor-widget elementor-widget-text-editor\" data-id=\"40561be\" data-element_type=\"widget\" data-e-type=\"widget\" data-widget_type=\"text-editor.default\">\n\t\t\t\t<div class=\"elementor-widget-container\">\n\t\t\t\t\t\t\t\t\t<p>Fins a 15 mesos SENSE INTERESSOS.<\/p>\t\t\t\t\t\t\t\t<\/div>\n\t\t\t\t<\/div>\n\t\t\t\t<\/div>\n\t\t<div class=\"elementor-element elementor-element-848ae65 e-con-full e-flex e-con e-child\" data-id=\"848ae65\" data-element_type=\"container\" data-e-type=\"container\">\n\t\t\t\t<div class=\"elementor-element elementor-element-f949bde elementor-widget elementor-widget-heading\" data-id=\"f949bde\" data-element_type=\"widget\" data-e-type=\"widget\" data-widget_type=\"heading.default\">\n\t\t\t\t<div class=\"elementor-widget-container\">\n\t\t\t\t\t<h2 class=\"elementor-heading-title elementor-size-default\">PAGAMENT \u00daNIC<\/h2>\t\t\t\t<\/div>\n\t\t\t\t<\/div>\n\t\t\t\t<div class=\"elementor-element elementor-element-3b3fcf2 elementor-widget elementor-widget-text-editor\" data-id=\"3b3fcf2\" data-element_type=\"widget\" data-e-type=\"widget\" data-widget_type=\"text-editor.default\">\n\t\t\t\t<div class=\"elementor-widget-container\">\n\t\t\t\t\t\t\t\t\t<p>\u00danic cost: un 4% del total en acceptar el pr\u00e9stec.<\/p>\t\t\t\t\t\t\t\t<\/div>\n\t\t\t\t<\/div>\n\t\t\t\t<\/div>\n\t\t\t\t<\/div>\n\t\t\t\t<\/div>\n\t\t<div class=\"elementor-element elementor-element-ab4ddfc e-con-full images-container e-flex e-con e-child\" data-id=\"ab4ddfc\" data-element_type=\"container\" data-e-type=\"container\">\n\t\t<div class=\"elementor-element elementor-element-4f4b65f e-con-full e-flex e-con e-child\" data-id=\"4f4b65f\" data-element_type=\"container\" data-e-type=\"container\">\n\t\t\t\t<div class=\"elementor-element elementor-element-7f536b3 elementor-widget elementor-widget-image\" data-id=\"7f536b3\" data-element_type=\"widget\" data-e-type=\"widget\" data-widget_type=\"image.default\">\n\t\t\t\t<div class=\"elementor-widget-container\">\n\t\t\t\t\t\t\t\t\t\t\t\t\t\t\t<img fetchpriority=\"high\" decoding=\"async\" width=\"645\" height=\"422\" src=\"https:\/\/mirureformes.com\/wp-content\/uploads\/2025\/03\/palacio-de-cristal.png\" class=\"attachment-large size-large wp-image-215\" alt=\"\" srcset=\"https:\/\/mirureformes.com\/wp-content\/uploads\/2025\/03\/palacio-de-cristal.png 645w, https:\/\/mirureformes.com\/wp-content\/uploads\/2025\/03\/palacio-de-cristal-300x196.png 300w\" sizes=\"(max-width: 645px) 100vw, 645px\" \/>\t\t\t\t\t\t\t\t\t\t\t\t\t\t\t<\/div>\n\t\t\t\t<\/div>\n\t\t\t\t<\/div>\n\t\t<div class=\"elementor-element elementor-element-9d28d55 e-con-full e-flex e-con e-child\" data-id=\"9d28d55\" data-element_type=\"container\" data-e-type=\"container\">\n\t\t\t\t<div class=\"elementor-element elementor-element-8e7328d elementor-widget elementor-widget-image\" data-id=\"8e7328d\" data-element_type=\"widget\" data-e-type=\"widget\" data-widget_type=\"image.default\">\n\t\t\t\t<div class=\"elementor-widget-container\">\n\t\t\t\t\t\t\t\t\t\t\t\t\t\t\t<img decoding=\"async\" width=\"645\" height=\"422\" src=\"https:\/\/mirureformes.com\/wp-content\/uploads\/2025\/03\/miru-fachada.png\" class=\"attachment-large size-large wp-image-217\" alt=\"\" srcset=\"https:\/\/mirureformes.com\/wp-content\/uploads\/2025\/03\/miru-fachada.png 645w, https:\/\/mirureformes.com\/wp-content\/uploads\/2025\/03\/miru-fachada-300x196.png 300w\" sizes=\"(max-width: 645px) 100vw, 645px\" \/>\t\t\t\t\t\t\t\t\t\t\t\t\t\t\t<\/div>\n\t\t\t\t<\/div>\n\t\t\t\t<\/div>\n\t\t\t\t<\/div>\n\t\t<div class=\"elementor-element elementor-element-4ecc5c1 e-con-full e-flex e-con e-child\" data-id=\"4ecc5c1\" data-element_type=\"container\" data-e-type=\"container\">\n\t\t\t\t<div class=\"elementor-element elementor-element-b63af1f elementor-widget elementor-widget-text-editor\" data-id=\"b63af1f\" data-element_type=\"widget\" data-e-type=\"widget\" data-widget_type=\"text-editor.default\">\n\t\t\t\t<div class=\"elementor-widget-container\">\n\t\t\t\t\t\t\t\t\t<p>Aix\u00f2 fa que instal\u00b7lar finestres d&#8217;alta qualitat, que milloren l&#8217;a\u00efllament t\u00e8rmic i ac\u00fastic,<br> sigui m\u00e9s accessible per als clients. A m\u00e9s, destaquem que les finestres:<\/p>\t\t\t\t\t\t\t\t<\/div>\n\t\t\t\t<\/div>\n\t\t\t\t<\/div>\n\t\t<div class=\"elementor-element elementor-element-ff1a208 e-con-full e-flex e-con e-child\" data-id=\"ff1a208\" data-element_type=\"container\" data-e-type=\"container\">\n\t\t\t\t<div class=\"elementor-element elementor-element-3385b30 elementor-widget__width-initial elementor-widget-divider--view-line elementor-widget elementor-widget-divider\" data-id=\"3385b30\" data-element_type=\"widget\" data-e-type=\"widget\" data-widget_type=\"divider.default\">\n\t\t\t\t<div class=\"elementor-widget-container\">\n\t\t\t\t\t\t\t<div class=\"elementor-divider\">\n\t\t\t<span class=\"elementor-divider-separator\">\n\t\t\t\t\t\t<\/span>\n\t\t<\/div>\n\t\t\t\t\t\t<\/div>\n\t\t\t\t<\/div>\n\t\t\t\t<div class=\"elementor-element elementor-element-75f8201 elementor-widget elementor-widget-text-editor\" data-id=\"75f8201\" data-element_type=\"widget\" data-e-type=\"widget\" data-widget_type=\"text-editor.default\">\n\t\t\t\t<div class=\"elementor-widget-container\">\n\t\t\t\t\t\t\t\t\t<p>Redueixen les despeses en calefacci\u00f3 i aire condicionat, oferint una llar m\u00e9s eficient energ\u00e8ticament.<\/p>\t\t\t\t\t\t\t\t<\/div>\n\t\t\t\t<\/div>\n\t\t\t\t<\/div>\n\t\t<div class=\"elementor-element elementor-element-e8bab3f e-con-full e-flex e-con e-child\" data-id=\"e8bab3f\" data-element_type=\"container\" data-e-type=\"container\">\n\t\t\t\t<div class=\"elementor-element elementor-element-90daea2 elementor-widget__width-initial elementor-widget-divider--view-line elementor-widget elementor-widget-divider\" data-id=\"90daea2\" data-element_type=\"widget\" data-e-type=\"widget\" data-widget_type=\"divider.default\">\n\t\t\t\t<div class=\"elementor-widget-container\">\n\t\t\t\t\t\t\t<div class=\"elementor-divider\">\n\t\t\t<span class=\"elementor-divider-separator\">\n\t\t\t\t\t\t<\/span>\n\t\t<\/div>\n\t\t\t\t\t\t<\/div>\n\t\t\t\t<\/div>\n\t\t\t\t<div class=\"elementor-element elementor-element-067386f elementor-widget elementor-widget-text-editor\" data-id=\"067386f\" data-element_type=\"widget\" data-e-type=\"widget\" data-widget_type=\"text-editor.default\">\n\t\t\t\t<div class=\"elementor-widget-container\">\n\t\t\t\t\t\t\t\t\t<p>Milloren la qualitat del descans en reduir el soroll exterior, ideal per a zones amb molt de tr\u00e0nsit.<\/p>\t\t\t\t\t\t\t\t<\/div>\n\t\t\t\t<\/div>\n\t\t\t\t<\/div>\n\t\t<div class=\"elementor-element elementor-element-cd86365 e-con-full e-flex e-con e-child\" data-id=\"cd86365\" data-element_type=\"container\" data-e-type=\"container\">\n\t\t\t\t<div class=\"elementor-element elementor-element-bce3d8b elementor-widget elementor-widget-text-editor\" data-id=\"bce3d8b\" data-element_type=\"widget\" data-e-type=\"widget\" data-widget_type=\"text-editor.default\">\n\t\t\t\t<div class=\"elementor-widget-container\">\n\t\t\t\t\t\t\t\t\t<p>&#8220;Canvia les teves finestres sense preocupar-te pel cost: finan\u00e7ament al 100% i fins a 15 mesos sense interessos. Descobreix com pagar menys en calefacci\u00f3 i aire condicionat mentre gaudeixes d&#8217;una llar m\u00e9s tranquil\u00b7la. Omple el formulari i sol\u00b7licita m\u00e9s informaci\u00f3!&#8221;<\/p>\t\t\t\t\t\t\t\t<\/div>\n\t\t\t\t<\/div>\n\t\t\t\t<\/div>\n\t\t\t\t<\/div>\n\t\t\t\t<\/div>\n\t\t","protected":false},"excerpt":{"rendered":"<p>FINAN\u00c7AMENT DE FINESTRES FINAN\u00c7AMENT DEL 100% Finan\u00e7ament del 100% del CANVI DE FINESTRES, en col\u00b7laboraci\u00f3 amb el Banc Sabadell. FINAN\u00c7AMENT SENSE INTERESSOS Fins a 15 mesos SENSE INTERESSOS. PAGAMENT \u00daNIC \u00danic cost: un 4% del total en acceptar el pr\u00e9stec. Aix\u00f2 fa que instal\u00b7lar finestres d&#8217;alta qualitat, que milloren l&#8217;a\u00efllament t\u00e8rmic i ac\u00fastic, sigui m\u00e9s [&hellip;]<\/p>\n","protected":false},"author":1,"featured_media":0,"parent":0,"menu_order":0,"comment_status":"closed","ping_status":"closed","template":"","meta":{"footnotes":""},"class_list":["post-695","page","type-page","status-publish","hentry"],"yoast_head":"<!-- This site is optimized with the Yoast SEO plugin v27.4 - https:\/\/yoast.com\/product\/yoast-seo-wordpress\/ -->\n<title>Finan\u00e7ament - miru<\/title>\n<meta name=\"robots\" content=\"index, follow, max-snippet:-1, max-image-preview:large, max-video-preview:-1\" \/>\n<link rel=\"canonical\" href=\"https:\/\/mirureformes.com\/ca\/financament\/\" \/>\n<meta property=\"og:locale\" content=\"ca_ES\" \/>\n<meta property=\"og:type\" content=\"article\" \/>\n<meta property=\"og:title\" content=\"Finan\u00e7ament - miru\" \/>\n<meta property=\"og:description\" content=\"FINAN\u00c7AMENT DE FINESTRES FINAN\u00c7AMENT DEL 100% Finan\u00e7ament del 100% del CANVI DE FINESTRES, en col\u00b7laboraci\u00f3 amb el Banc Sabadell. FINAN\u00c7AMENT SENSE INTERESSOS Fins a 15 mesos SENSE INTERESSOS. PAGAMENT \u00daNIC \u00danic cost: un 4% del total en acceptar el pr\u00e9stec. Aix\u00f2 fa que instal\u00b7lar finestres d&#8217;alta qualitat, que milloren l&#8217;a\u00efllament t\u00e8rmic i ac\u00fastic, sigui m\u00e9s [&hellip;]\" \/>\n<meta property=\"og:url\" content=\"https:\/\/mirureformes.com\/ca\/financament\/\" \/>\n<meta property=\"og:site_name\" content=\"miru\" \/>\n<meta property=\"article:modified_time\" content=\"2025-04-17T09:18:25+00:00\" \/>\n<meta property=\"og:image\" content=\"https:\/\/mirureformes.com\/wp-content\/uploads\/2025\/03\/palacio-de-cristal.png\" \/>\n\t<meta property=\"og:image:width\" content=\"645\" \/>\n\t<meta property=\"og:image:height\" content=\"422\" \/>\n\t<meta property=\"og:image:type\" content=\"image\/png\" \/>\n<meta name=\"twitter:card\" content=\"summary_large_image\" \/>\n<meta name=\"twitter:label1\" content=\"Temps estimat de lectura\" \/>\n\t<meta name=\"twitter:data1\" content=\"1 minut\" \/>\n<script type=\"application\/ld+json\" class=\"yoast-schema-graph\">{\"@context\":\"https:\\\/\\\/schema.org\",\"@graph\":[{\"@type\":\"WebPage\",\"@id\":\"https:\\\/\\\/mirureformes.com\\\/ca\\\/financament\\\/\",\"url\":\"https:\\\/\\\/mirureformes.com\\\/ca\\\/financament\\\/\",\"name\":\"Finan\u00e7ament - miru\",\"isPartOf\":{\"@id\":\"https:\\\/\\\/mirureformes.com\\\/ca\\\/#website\"},\"primaryImageOfPage\":{\"@id\":\"https:\\\/\\\/mirureformes.com\\\/ca\\\/financament\\\/#primaryimage\"},\"image\":{\"@id\":\"https:\\\/\\\/mirureformes.com\\\/ca\\\/financament\\\/#primaryimage\"},\"thumbnailUrl\":\"https:\\\/\\\/mirureformes.com\\\/wp-content\\\/uploads\\\/2025\\\/03\\\/palacio-de-cristal.png\",\"datePublished\":\"2025-02-25T20:35:59+00:00\",\"dateModified\":\"2025-04-17T09:18:25+00:00\",\"breadcrumb\":{\"@id\":\"https:\\\/\\\/mirureformes.com\\\/ca\\\/financament\\\/#breadcrumb\"},\"inLanguage\":\"ca\",\"potentialAction\":[{\"@type\":\"ReadAction\",\"target\":[\"https:\\\/\\\/mirureformes.com\\\/ca\\\/financament\\\/\"]}]},{\"@type\":\"ImageObject\",\"inLanguage\":\"ca\",\"@id\":\"https:\\\/\\\/mirureformes.com\\\/ca\\\/financament\\\/#primaryimage\",\"url\":\"https:\\\/\\\/mirureformes.com\\\/wp-content\\\/uploads\\\/2025\\\/03\\\/palacio-de-cristal.png\",\"contentUrl\":\"https:\\\/\\\/mirureformes.com\\\/wp-content\\\/uploads\\\/2025\\\/03\\\/palacio-de-cristal.png\"},{\"@type\":\"BreadcrumbList\",\"@id\":\"https:\\\/\\\/mirureformes.com\\\/ca\\\/financament\\\/#breadcrumb\",\"itemListElement\":[{\"@type\":\"ListItem\",\"position\":1,\"name\":\"Home\",\"item\":\"https:\\\/\\\/mirureformes.com\\\/ca\\\/\"},{\"@type\":\"ListItem\",\"position\":2,\"name\":\"Finan\u00e7ament\"}]},{\"@type\":\"WebSite\",\"@id\":\"https:\\\/\\\/mirureformes.com\\\/ca\\\/#website\",\"url\":\"https:\\\/\\\/mirureformes.com\\\/ca\\\/\",\"name\":\"miru\",\"description\":\"\",\"potentialAction\":[{\"@type\":\"SearchAction\",\"target\":{\"@type\":\"EntryPoint\",\"urlTemplate\":\"https:\\\/\\\/mirureformes.com\\\/ca\\\/?s={search_term_string}\"},\"query-input\":{\"@type\":\"PropertyValueSpecification\",\"valueRequired\":true,\"valueName\":\"search_term_string\"}}],\"inLanguage\":\"ca\"}]}<\/script>\n<!-- \/ Yoast SEO plugin. -->","yoast_head_json":{"title":"Finan\u00e7ament - miru","robots":{"index":"index","follow":"follow","max-snippet":"max-snippet:-1","max-image-preview":"max-image-preview:large","max-video-preview":"max-video-preview:-1"},"canonical":"https:\/\/mirureformes.com\/ca\/financament\/","og_locale":"ca_ES","og_type":"article","og_title":"Finan\u00e7ament - miru","og_description":"FINAN\u00c7AMENT DE FINESTRES FINAN\u00c7AMENT DEL 100% Finan\u00e7ament del 100% del CANVI DE FINESTRES, en col\u00b7laboraci\u00f3 amb el Banc Sabadell. FINAN\u00c7AMENT SENSE INTERESSOS Fins a 15 mesos SENSE INTERESSOS. PAGAMENT \u00daNIC \u00danic cost: un 4% del total en acceptar el pr\u00e9stec. Aix\u00f2 fa que instal\u00b7lar finestres d&#8217;alta qualitat, que milloren l&#8217;a\u00efllament t\u00e8rmic i ac\u00fastic, sigui m\u00e9s [&hellip;]","og_url":"https:\/\/mirureformes.com\/ca\/financament\/","og_site_name":"miru","article_modified_time":"2025-04-17T09:18:25+00:00","og_image":[{"width":645,"height":422,"url":"https:\/\/mirureformes.com\/wp-content\/uploads\/2025\/03\/palacio-de-cristal.png","type":"image\/png"}],"twitter_card":"summary_large_image","twitter_misc":{"Temps estimat de lectura":"1 minut"},"schema":{"@context":"https:\/\/schema.org","@graph":[{"@type":"WebPage","@id":"https:\/\/mirureformes.com\/ca\/financament\/","url":"https:\/\/mirureformes.com\/ca\/financament\/","name":"Finan\u00e7ament - miru","isPartOf":{"@id":"https:\/\/mirureformes.com\/ca\/#website"},"primaryImageOfPage":{"@id":"https:\/\/mirureformes.com\/ca\/financament\/#primaryimage"},"image":{"@id":"https:\/\/mirureformes.com\/ca\/financament\/#primaryimage"},"thumbnailUrl":"https:\/\/mirureformes.com\/wp-content\/uploads\/2025\/03\/palacio-de-cristal.png","datePublished":"2025-02-25T20:35:59+00:00","dateModified":"2025-04-17T09:18:25+00:00","breadcrumb":{"@id":"https:\/\/mirureformes.com\/ca\/financament\/#breadcrumb"},"inLanguage":"ca","potentialAction":[{"@type":"ReadAction","target":["https:\/\/mirureformes.com\/ca\/financament\/"]}]},{"@type":"ImageObject","inLanguage":"ca","@id":"https:\/\/mirureformes.com\/ca\/financament\/#primaryimage","url":"https:\/\/mirureformes.com\/wp-content\/uploads\/2025\/03\/palacio-de-cristal.png","contentUrl":"https:\/\/mirureformes.com\/wp-content\/uploads\/2025\/03\/palacio-de-cristal.png"},{"@type":"BreadcrumbList","@id":"https:\/\/mirureformes.com\/ca\/financament\/#breadcrumb","itemListElement":[{"@type":"ListItem","position":1,"name":"Home","item":"https:\/\/mirureformes.com\/ca\/"},{"@type":"ListItem","position":2,"name":"Finan\u00e7ament"}]},{"@type":"WebSite","@id":"https:\/\/mirureformes.com\/ca\/#website","url":"https:\/\/mirureformes.com\/ca\/","name":"miru","description":"","potentialAction":[{"@type":"SearchAction","target":{"@type":"EntryPoint","urlTemplate":"https:\/\/mirureformes.com\/ca\/?s={search_term_string}"},"query-input":{"@type":"PropertyValueSpecification","valueRequired":true,"valueName":"search_term_string"}}],"inLanguage":"ca"}]}},"_links":{"self":[{"href":"https:\/\/mirureformes.com\/ca\/wp-json\/wp\/v2\/pages\/695","targetHints":{"allow":["GET"]}}],"collection":[{"href":"https:\/\/mirureformes.com\/ca\/wp-json\/wp\/v2\/pages"}],"about":[{"href":"https:\/\/mirureformes.com\/ca\/wp-json\/wp\/v2\/types\/page"}],"author":[{"embeddable":true,"href":"https:\/\/mirureformes.com\/ca\/wp-json\/wp\/v2\/users\/1"}],"replies":[{"embeddable":true,"href":"https:\/\/mirureformes.com\/ca\/wp-json\/wp\/v2\/comments?post=695"}],"version-history":[{"count":0,"href":"https:\/\/mirureformes.com\/ca\/wp-json\/wp\/v2\/pages\/695\/revisions"}],"wp:attachment":[{"href":"https:\/\/mirureformes.com\/ca\/wp-json\/wp\/v2\/media?parent=695"}],"curies":[{"name":"wp","href":"https:\/\/api.w.org\/{rel}","templated":true}]}}