{"id":693,"date":"2025-04-16T16:08:34","date_gmt":"2025-04-16T15:08:34","guid":{"rendered":"https:\/\/mirureformes.com\/avis-legal\/"},"modified":"2025-04-16T16:26:33","modified_gmt":"2025-04-16T15:26:33","slug":"avis-legal","status":"publish","type":"page","link":"https:\/\/mirureformes.com\/ca\/avis-legal\/","title":{"rendered":"AV\u00cdS LEGAL"},"content":{"rendered":"\t\t<div data-elementor-type=\"wp-page\" data-elementor-id=\"693\" class=\"elementor elementor-693 elementor-666\" data-elementor-post-type=\"page\">\n\t\t\t\t<div class=\"elementor-element elementor-element-420363fe e-con-full e-flex e-con e-parent\" data-id=\"420363fe\" data-element_type=\"container\" data-e-type=\"container\" data-settings=\"{&quot;background_background&quot;:&quot;classic&quot;}\">\n\t\t<div class=\"elementor-element elementor-element-7b3f3fc1 e-con-full e-flex e-con e-child\" data-id=\"7b3f3fc1\" data-element_type=\"container\" data-e-type=\"container\">\n\t\t\t\t<div class=\"elementor-element elementor-element-6f89b03d elementor-widget elementor-widget-heading\" data-id=\"6f89b03d\" data-element_type=\"widget\" data-e-type=\"widget\" data-widget_type=\"heading.default\">\n\t\t\t\t<div class=\"elementor-widget-container\">\n\t\t\t\t\t<h1 class=\"elementor-heading-title elementor-size-default\">AV\u00cdS LEGAL<\/h1>\t\t\t\t<\/div>\n\t\t\t\t<\/div>\n\t\t\t\t<div class=\"elementor-element elementor-element-b0216f7 elementor-widget elementor-widget-text-editor\" data-id=\"b0216f7\" data-element_type=\"widget\" data-e-type=\"widget\" data-widget_type=\"text-editor.default\">\n\t\t\t\t<div class=\"elementor-widget-container\">\n\t\t\t\t\t\t\t\t\t<p><strong>1. Informaci\u00f3 General<\/strong><\/p><p>En compliment amb all\u00f2 establert a la Llei 34\/2002 de Serveis de la Societat de la Informaci\u00f3 i de Comer\u00e7 Electr\u00f2nic (LSSI-CE), s&#8217;informa que aquesta p\u00e0gina web \u00e9s propietat de Rub\u00e9n Castellano Flores (DNI 77616360P), amb domicili al C\/Gaud\u00ed 34, 2-2, 08490 Tordera. El nom comercial \u00e9s Miru Reformes.<\/p><p><strong>2. Condicions d&#8217;\u00fas<\/strong><\/p><p>L&#8217;acc\u00e9s al web de Miru Reformes implica l&#8217;acceptaci\u00f3 de les condicions d&#8217;\u00fas presents. L&#8217;usuari es compromet a utilitzar aquesta web de forma l\u00edcita ia no fer activitats que puguin danyar els drets de Miru Reformes o de tercers.<\/p><p><strong>3. Propietat Intel\u00b7lectual<\/strong><\/p><p>Tots els continguts, texts, imatges i logotips d&#8217;aquesta web s\u00f3n propietat de Rub\u00e9n Castellano Flores i estan protegits pels drets de propietat intel\u00b7lectual. No se&#8217;n permet la reproducci\u00f3, distribuci\u00f3 o modificaci\u00f3 sense l&#8217;autoritzaci\u00f3 pr\u00e8via del titular.<\/p><p><strong>4. Protecci\u00f3 de dades personals<\/strong><\/p><p>En compliment de la normativa vigent en mat\u00e8ria de protecci\u00f3 de dades, us informem que les dades personals proporcionades seran tractades d&#8217;acord amb la nostra Pol\u00edtica de Privadesa. Per a qualsevol consulta o exercici de drets, ens pots contactar a trav\u00e9s del correu electr\u00f2nic miru@mirureformes.com.<\/p><p><strong>5. Limitaci\u00f3 de Responsabilitat<\/strong><\/p><p>Miru Reformes no es responsabilitza dels possibles errors o omissions en els continguts d&#8217;aquesta web, ni dels danys que se&#8217;n puguin derivar. Tamb\u00e9 es reserva el dret a modificar qualsevol contingut sense av\u00eds previ.<\/p><p><strong>6. Legislaci\u00f3 Aplicable i Jurisdicci\u00f3<\/strong><\/p><p>Aquestes condicions es regeixen per la legislaci\u00f3 espanyola. Qualsevol controv\u00e8rsia que pugui sorgir ser\u00e0 sotmesa als jutjats i als tribunals de Barcelona.<\/p><p> <\/p>\t\t\t\t\t\t\t\t<\/div>\n\t\t\t\t<\/div>\n\t\t\t\t<\/div>\n\t\t\t\t<\/div>\n\t\t\t\t<\/div>\n\t\t","protected":false},"excerpt":{"rendered":"<p>AV\u00cdS LEGAL 1. Informaci\u00f3 General En compliment amb all\u00f2 establert a la Llei 34\/2002 de Serveis de la Societat de la Informaci\u00f3 i de Comer\u00e7 Electr\u00f2nic (LSSI-CE), s&#8217;informa que aquesta p\u00e0gina web \u00e9s propietat de Rub\u00e9n Castellano Flores (DNI 77616360P), amb domicili al C\/Gaud\u00ed 34, 2-2, 08490 Tordera. El nom comercial \u00e9s Miru Reformes. 2. [&hellip;]<\/p>\n","protected":false},"author":1,"featured_media":0,"parent":0,"menu_order":0,"comment_status":"closed","ping_status":"closed","template":"","meta":{"footnotes":""},"class_list":["post-693","page","type-page","status-publish","hentry"],"yoast_head":"<!-- This site is optimized with the Yoast SEO plugin v27.4 - https:\/\/yoast.com\/product\/yoast-seo-wordpress\/ -->\n<title>AV\u00cdS LEGAL - miru<\/title>\n<meta name=\"robots\" content=\"index, follow, max-snippet:-1, max-image-preview:large, max-video-preview:-1\" \/>\n<link rel=\"canonical\" href=\"https:\/\/mirureformes.com\/ca\/avis-legal\/\" \/>\n<meta property=\"og:locale\" content=\"ca_ES\" \/>\n<meta property=\"og:type\" content=\"article\" \/>\n<meta property=\"og:title\" content=\"AV\u00cdS LEGAL - miru\" \/>\n<meta property=\"og:description\" content=\"AV\u00cdS LEGAL 1. Informaci\u00f3 General En compliment amb all\u00f2 establert a la Llei 34\/2002 de Serveis de la Societat de la Informaci\u00f3 i de Comer\u00e7 Electr\u00f2nic (LSSI-CE), s&#8217;informa que aquesta p\u00e0gina web \u00e9s propietat de Rub\u00e9n Castellano Flores (DNI 77616360P), amb domicili al C\/Gaud\u00ed 34, 2-2, 08490 Tordera. El nom comercial \u00e9s Miru Reformes. 2. [&hellip;]\" \/>\n<meta property=\"og:url\" content=\"https:\/\/mirureformes.com\/ca\/avis-legal\/\" \/>\n<meta property=\"og:site_name\" content=\"miru\" \/>\n<meta property=\"article:modified_time\" content=\"2025-04-16T15:26:33+00:00\" \/>\n<meta name=\"twitter:card\" content=\"summary_large_image\" \/>\n<meta name=\"twitter:label1\" content=\"Temps estimat de lectura\" \/>\n\t<meta name=\"twitter:data1\" content=\"1 minut\" \/>\n<script type=\"application\/ld+json\" class=\"yoast-schema-graph\">{\"@context\":\"https:\\\/\\\/schema.org\",\"@graph\":[{\"@type\":\"WebPage\",\"@id\":\"https:\\\/\\\/mirureformes.com\\\/ca\\\/avis-legal\\\/\",\"url\":\"https:\\\/\\\/mirureformes.com\\\/ca\\\/avis-legal\\\/\",\"name\":\"AV\u00cdS LEGAL - miru\",\"isPartOf\":{\"@id\":\"https:\\\/\\\/mirureformes.com\\\/ca\\\/#website\"},\"datePublished\":\"2025-04-16T15:08:34+00:00\",\"dateModified\":\"2025-04-16T15:26:33+00:00\",\"breadcrumb\":{\"@id\":\"https:\\\/\\\/mirureformes.com\\\/ca\\\/avis-legal\\\/#breadcrumb\"},\"inLanguage\":\"ca\",\"potentialAction\":[{\"@type\":\"ReadAction\",\"target\":[\"https:\\\/\\\/mirureformes.com\\\/ca\\\/avis-legal\\\/\"]}]},{\"@type\":\"BreadcrumbList\",\"@id\":\"https:\\\/\\\/mirureformes.com\\\/ca\\\/avis-legal\\\/#breadcrumb\",\"itemListElement\":[{\"@type\":\"ListItem\",\"position\":1,\"name\":\"Home\",\"item\":\"https:\\\/\\\/mirureformes.com\\\/ca\\\/\"},{\"@type\":\"ListItem\",\"position\":2,\"name\":\"AV\u00cdS LEGAL\"}]},{\"@type\":\"WebSite\",\"@id\":\"https:\\\/\\\/mirureformes.com\\\/ca\\\/#website\",\"url\":\"https:\\\/\\\/mirureformes.com\\\/ca\\\/\",\"name\":\"miru\",\"description\":\"\",\"potentialAction\":[{\"@type\":\"SearchAction\",\"target\":{\"@type\":\"EntryPoint\",\"urlTemplate\":\"https:\\\/\\\/mirureformes.com\\\/ca\\\/?s={search_term_string}\"},\"query-input\":{\"@type\":\"PropertyValueSpecification\",\"valueRequired\":true,\"valueName\":\"search_term_string\"}}],\"inLanguage\":\"ca\"}]}<\/script>\n<!-- \/ Yoast SEO plugin. -->","yoast_head_json":{"title":"AV\u00cdS LEGAL - miru","robots":{"index":"index","follow":"follow","max-snippet":"max-snippet:-1","max-image-preview":"max-image-preview:large","max-video-preview":"max-video-preview:-1"},"canonical":"https:\/\/mirureformes.com\/ca\/avis-legal\/","og_locale":"ca_ES","og_type":"article","og_title":"AV\u00cdS LEGAL - miru","og_description":"AV\u00cdS LEGAL 1. Informaci\u00f3 General En compliment amb all\u00f2 establert a la Llei 34\/2002 de Serveis de la Societat de la Informaci\u00f3 i de Comer\u00e7 Electr\u00f2nic (LSSI-CE), s&#8217;informa que aquesta p\u00e0gina web \u00e9s propietat de Rub\u00e9n Castellano Flores (DNI 77616360P), amb domicili al C\/Gaud\u00ed 34, 2-2, 08490 Tordera. El nom comercial \u00e9s Miru Reformes. 2. [&hellip;]","og_url":"https:\/\/mirureformes.com\/ca\/avis-legal\/","og_site_name":"miru","article_modified_time":"2025-04-16T15:26:33+00:00","twitter_card":"summary_large_image","twitter_misc":{"Temps estimat de lectura":"1 minut"},"schema":{"@context":"https:\/\/schema.org","@graph":[{"@type":"WebPage","@id":"https:\/\/mirureformes.com\/ca\/avis-legal\/","url":"https:\/\/mirureformes.com\/ca\/avis-legal\/","name":"AV\u00cdS LEGAL - miru","isPartOf":{"@id":"https:\/\/mirureformes.com\/ca\/#website"},"datePublished":"2025-04-16T15:08:34+00:00","dateModified":"2025-04-16T15:26:33+00:00","breadcrumb":{"@id":"https:\/\/mirureformes.com\/ca\/avis-legal\/#breadcrumb"},"inLanguage":"ca","potentialAction":[{"@type":"ReadAction","target":["https:\/\/mirureformes.com\/ca\/avis-legal\/"]}]},{"@type":"BreadcrumbList","@id":"https:\/\/mirureformes.com\/ca\/avis-legal\/#breadcrumb","itemListElement":[{"@type":"ListItem","position":1,"name":"Home","item":"https:\/\/mirureformes.com\/ca\/"},{"@type":"ListItem","position":2,"name":"AV\u00cdS LEGAL"}]},{"@type":"WebSite","@id":"https:\/\/mirureformes.com\/ca\/#website","url":"https:\/\/mirureformes.com\/ca\/","name":"miru","description":"","potentialAction":[{"@type":"SearchAction","target":{"@type":"EntryPoint","urlTemplate":"https:\/\/mirureformes.com\/ca\/?s={search_term_string}"},"query-input":{"@type":"PropertyValueSpecification","valueRequired":true,"valueName":"search_term_string"}}],"inLanguage":"ca"}]}},"_links":{"self":[{"href":"https:\/\/mirureformes.com\/ca\/wp-json\/wp\/v2\/pages\/693","targetHints":{"allow":["GET"]}}],"collection":[{"href":"https:\/\/mirureformes.com\/ca\/wp-json\/wp\/v2\/pages"}],"about":[{"href":"https:\/\/mirureformes.com\/ca\/wp-json\/wp\/v2\/types\/page"}],"author":[{"embeddable":true,"href":"https:\/\/mirureformes.com\/ca\/wp-json\/wp\/v2\/users\/1"}],"replies":[{"embeddable":true,"href":"https:\/\/mirureformes.com\/ca\/wp-json\/wp\/v2\/comments?post=693"}],"version-history":[{"count":0,"href":"https:\/\/mirureformes.com\/ca\/wp-json\/wp\/v2\/pages\/693\/revisions"}],"wp:attachment":[{"href":"https:\/\/mirureformes.com\/ca\/wp-json\/wp\/v2\/media?parent=693"}],"curies":[{"name":"wp","href":"https:\/\/api.w.org\/{rel}","templated":true}]}}