{"id":690,"date":"2025-02-25T21:37:18","date_gmt":"2025-02-25T20:37:18","guid":{"rendered":"https:\/\/mirureformes.com\/contacte\/"},"modified":"2025-04-16T16:26:14","modified_gmt":"2025-04-16T15:26:14","slug":"contacte","status":"publish","type":"page","link":"https:\/\/mirureformes.com\/ca\/contacte\/","title":{"rendered":"Contacte"},"content":{"rendered":"\t\t<div data-elementor-type=\"wp-page\" data-elementor-id=\"690\" class=\"elementor elementor-690 elementor-42\" data-elementor-post-type=\"page\">\n\t\t\t\t<div class=\"elementor-element elementor-element-1f72198 e-con-full e-flex e-con e-parent\" data-id=\"1f72198\" data-element_type=\"container\" data-e-type=\"container\" data-settings=\"{&quot;background_background&quot;:&quot;classic&quot;}\">\n\t\t<div class=\"elementor-element elementor-element-4c8181a e-con-full e-flex e-con e-child\" data-id=\"4c8181a\" data-element_type=\"container\" data-e-type=\"container\">\n\t\t\t\t<div class=\"elementor-element elementor-element-24ac2ae elementor-widget elementor-widget-text-editor\" data-id=\"24ac2ae\" data-element_type=\"widget\" data-e-type=\"widget\" data-widget_type=\"text-editor.default\">\n\t\t\t\t<div class=\"elementor-widget-container\">\n\t\t\t\t\t\t\t\t\t<p>CONTACTE<\/p>\t\t\t\t\t\t\t\t<\/div>\n\t\t\t\t<\/div>\n\t\t\t\t<\/div>\n\t\t<div class=\"elementor-element elementor-element-62106fe e-con-full e-flex e-con e-child\" data-id=\"62106fe\" data-element_type=\"container\" data-e-type=\"container\">\n\t\t<div class=\"elementor-element elementor-element-10cbd0f e-con-full e-flex e-con e-child\" data-id=\"10cbd0f\" data-element_type=\"container\" data-e-type=\"container\">\n\t\t\t\t<div class=\"elementor-element elementor-element-45589a6 elementor-widget__width-initial elementor-widget elementor-widget-heading\" data-id=\"45589a6\" data-element_type=\"widget\" data-e-type=\"widget\" data-widget_type=\"heading.default\">\n\t\t\t\t<div class=\"elementor-widget-container\">\n\t\t\t\t\t<h2 class=\"elementor-heading-title elementor-size-default\">COMENCEM?<\/h2>\t\t\t\t<\/div>\n\t\t\t\t<\/div>\n\t\t\t\t<\/div>\n\t\t<div class=\"elementor-element elementor-element-d7b7cb0 e-con-full e-flex e-con e-child\" data-id=\"d7b7cb0\" data-element_type=\"container\" data-e-type=\"container\">\n\t\t\t\t<div class=\"elementor-element elementor-element-bc0c5c5 elementor-widget-divider--view-line elementor-widget elementor-widget-divider\" data-id=\"bc0c5c5\" data-element_type=\"widget\" data-e-type=\"widget\" data-widget_type=\"divider.default\">\n\t\t\t\t<div class=\"elementor-widget-container\">\n\t\t\t\t\t\t\t<div class=\"elementor-divider\">\n\t\t\t<span class=\"elementor-divider-separator\">\n\t\t\t\t\t\t<\/span>\n\t\t<\/div>\n\t\t\t\t\t\t<\/div>\n\t\t\t\t<\/div>\n\t\t\t\t<\/div>\n\t\t<div class=\"elementor-element elementor-element-09f16cc e-con-full e-flex e-con e-child\" data-id=\"09f16cc\" data-element_type=\"container\" data-e-type=\"container\">\n\t\t\t\t<div class=\"elementor-element elementor-element-f5a6948 elementor-widget elementor-widget-text-editor\" data-id=\"f5a6948\" data-element_type=\"widget\" data-e-type=\"widget\" data-widget_type=\"text-editor.default\">\n\t\t\t\t<div class=\"elementor-widget-container\">\n\t\t\t\t\t\t\t\t\t<p>A punt per comen\u00e7ar el teu projecte? Som aqu\u00ed per ajudar-te.<\/p>\t\t\t\t\t\t\t\t<\/div>\n\t\t\t\t<\/div>\n\t\t\t\t<\/div>\n\t\t\t\t<\/div>\n\t\t<div class=\"elementor-element elementor-element-7a8ed9a e-con-full e-flex e-con e-child\" data-id=\"7a8ed9a\" data-element_type=\"container\" data-e-type=\"container\">\n\t\t\t\t<div class=\"elementor-element elementor-element-d986bf6 elementor-widget elementor-widget-text-editor\" data-id=\"d986bf6\" data-element_type=\"widget\" data-e-type=\"widget\" data-widget_type=\"text-editor.default\">\n\t\t\t\t<div class=\"elementor-widget-container\">\n\t\t\t\t\t\t\t\t\t<p>Contacta&#8217;ns per rebre assessorament personalitzat i un pressupost sense comprom\u00eds.  <br>Parlem el teu idioma. Catal\u00e0, Castell\u00e0, Angl\u00e8s, Rus, Roman\u00e8s<\/p>\t\t\t\t\t\t\t\t<\/div>\n\t\t\t\t<\/div>\n\t\t\t\t<\/div>\n\t\t<div class=\"elementor-element elementor-element-969fb3f e-con-full e-flex e-con e-child\" data-id=\"969fb3f\" data-element_type=\"container\" data-e-type=\"container\">\n\t\t<div class=\"elementor-element elementor-element-6cca89c e-con-full linkscontact e-flex e-con e-child\" data-id=\"6cca89c\" data-element_type=\"container\" data-e-type=\"container\">\n\t\t<div class=\"elementor-element elementor-element-8c4b94e e-con-full e-flex e-con e-child\" data-id=\"8c4b94e\" data-element_type=\"container\" data-e-type=\"container\">\n\t\t\t\t<div class=\"elementor-element elementor-element-f586b02 elementor-widget elementor-widget-text-editor\" data-id=\"f586b02\" data-element_type=\"widget\" data-e-type=\"widget\" data-widget_type=\"text-editor.default\">\n\t\t\t\t<div class=\"elementor-widget-container\">\n\t\t\t\t\t\t\t\t\t<a href=\"tel:+34619646502\">TRUCA&#8217;NS AL 619 646 502<\/a>\t\t\t\t\t\t\t\t<\/div>\n\t\t\t\t<\/div>\n\t\t\t\t<\/div>\n\t\t<div class=\"elementor-element elementor-element-8dc8cbe e-con-full e-flex e-con e-child\" data-id=\"8dc8cbe\" data-element_type=\"container\" data-e-type=\"container\">\n\t\t\t\t<div class=\"elementor-element elementor-element-b489d96 linkscontact elementor-widget elementor-widget-text-editor\" data-id=\"b489d96\" data-element_type=\"widget\" data-e-type=\"widget\" data-widget_type=\"text-editor.default\">\n\t\t\t\t<div class=\"elementor-widget-container\">\n\t\t\t\t\t\t\t\t\t<p><a href=\"https:\/\/wa.me\/34642032191\" target=\"_blank\" rel=\"noopener\">WHATSAPP 642 032 191<\/a><\/p>\t\t\t\t\t\t\t\t<\/div>\n\t\t\t\t<\/div>\n\t\t\t\t<\/div>\n\t\t<div class=\"elementor-element elementor-element-b7792bd e-con-full e-flex e-con e-child\" data-id=\"b7792bd\" data-element_type=\"container\" data-e-type=\"container\">\n\t\t\t\t<div class=\"elementor-element elementor-element-dbfeb14 elementor-widget elementor-widget-text-editor\" data-id=\"dbfeb14\" data-element_type=\"widget\" data-e-type=\"widget\" data-widget_type=\"text-editor.default\">\n\t\t\t\t<div class=\"elementor-widget-container\">\n\t\t\t\t\t\t\t\t\t<p><a href=\"MIRU@MIRUREFORMES.COM\">ESCRIU-NOS A MIRU@MIRUREFORMES.COM<\/a><\/p>\t\t\t\t\t\t\t\t<\/div>\n\t\t\t\t<\/div>\n\t\t\t\t<\/div>\n\t\t\t\t<\/div>\n\t\t\t\t<\/div>\n\t\t<div class=\"elementor-element elementor-element-7b74ea8 e-con-full e-flex e-con e-child\" data-id=\"7b74ea8\" data-element_type=\"container\" data-e-type=\"container\">\n\t\t\t\t<div class=\"elementor-element elementor-element-7d2036f elementor-widget elementor-widget-text-editor\" data-id=\"7d2036f\" data-element_type=\"widget\" data-e-type=\"widget\" data-widget_type=\"text-editor.default\">\n\t\t\t\t<div class=\"elementor-widget-container\">\n\t\t\t\t\t\t\t\t\t<p>El teu projecte comen\u00e7a aqu\u00ed.<\/p>\t\t\t\t\t\t\t\t<\/div>\n\t\t\t\t<\/div>\n\t\t\t\t<\/div>\n\t\t<div class=\"elementor-element elementor-element-01ff86a e-con-full e-flex e-con e-child\" data-id=\"01ff86a\" data-element_type=\"container\" data-e-type=\"container\">\n\t\t\t\t<div class=\"elementor-element elementor-element-7251587 elementor-widget elementor-widget-text-editor\" data-id=\"7251587\" data-element_type=\"widget\" data-e-type=\"widget\" data-widget_type=\"text-editor.default\">\n\t\t\t\t<div class=\"elementor-widget-container\">\n\t\t\t\t\t\t\t\t\t<p>Parlem?<\/p>\t\t\t\t\t\t\t\t<\/div>\n\t\t\t\t<\/div>\n\t\t\t\t<\/div>\n\t\t\t\t<\/div>\n\t\t\t\t<\/div>\n\t\t","protected":false},"excerpt":{"rendered":"<p>CONTACTE COMENCEM? A punt per comen\u00e7ar el teu projecte? Som aqu\u00ed per ajudar-te. Contacta&#8217;ns per rebre assessorament personalitzat i un pressupost sense comprom\u00eds. Parlem el teu idioma. Catal\u00e0, Castell\u00e0, Angl\u00e8s, Rus, Roman\u00e8s TRUCA&#8217;NS AL 619 646 502 WHATSAPP 642 032 191 ESCRIU-NOS A MIRU@MIRUREFORMES.COM El teu projecte comen\u00e7a aqu\u00ed. Parlem?<\/p>\n","protected":false},"author":1,"featured_media":0,"parent":0,"menu_order":0,"comment_status":"closed","ping_status":"closed","template":"","meta":{"footnotes":""},"class_list":["post-690","page","type-page","status-publish","hentry"],"yoast_head":"<!-- This site is optimized with the Yoast SEO plugin v27.4 - https:\/\/yoast.com\/product\/yoast-seo-wordpress\/ -->\n<title>Contacte - miru<\/title>\n<meta name=\"robots\" content=\"index, follow, max-snippet:-1, max-image-preview:large, max-video-preview:-1\" \/>\n<link rel=\"canonical\" href=\"https:\/\/mirureformes.com\/ca\/contacte\/\" \/>\n<meta property=\"og:locale\" content=\"ca_ES\" \/>\n<meta property=\"og:type\" content=\"article\" \/>\n<meta property=\"og:title\" content=\"Contacte - miru\" \/>\n<meta property=\"og:description\" content=\"CONTACTE COMENCEM? A punt per comen\u00e7ar el teu projecte? Som aqu\u00ed per ajudar-te. Contacta&#8217;ns per rebre assessorament personalitzat i un pressupost sense comprom\u00eds. Parlem el teu idioma. Catal\u00e0, Castell\u00e0, Angl\u00e8s, Rus, Roman\u00e8s TRUCA&#8217;NS AL 619 646 502 WHATSAPP 642 032 191 ESCRIU-NOS A MIRU@MIRUREFORMES.COM El teu projecte comen\u00e7a aqu\u00ed. Parlem?\" \/>\n<meta property=\"og:url\" content=\"https:\/\/mirureformes.com\/ca\/contacte\/\" \/>\n<meta property=\"og:site_name\" content=\"miru\" \/>\n<meta property=\"article:modified_time\" content=\"2025-04-16T15:26:14+00:00\" \/>\n<meta name=\"twitter:card\" content=\"summary_large_image\" \/>\n<script type=\"application\/ld+json\" class=\"yoast-schema-graph\">{\"@context\":\"https:\\\/\\\/schema.org\",\"@graph\":[{\"@type\":\"WebPage\",\"@id\":\"https:\\\/\\\/mirureformes.com\\\/ca\\\/contacte\\\/\",\"url\":\"https:\\\/\\\/mirureformes.com\\\/ca\\\/contacte\\\/\",\"name\":\"Contacte - miru\",\"isPartOf\":{\"@id\":\"https:\\\/\\\/mirureformes.com\\\/ca\\\/#website\"},\"datePublished\":\"2025-02-25T20:37:18+00:00\",\"dateModified\":\"2025-04-16T15:26:14+00:00\",\"breadcrumb\":{\"@id\":\"https:\\\/\\\/mirureformes.com\\\/ca\\\/contacte\\\/#breadcrumb\"},\"inLanguage\":\"ca\",\"potentialAction\":[{\"@type\":\"ReadAction\",\"target\":[\"https:\\\/\\\/mirureformes.com\\\/ca\\\/contacte\\\/\"]}]},{\"@type\":\"BreadcrumbList\",\"@id\":\"https:\\\/\\\/mirureformes.com\\\/ca\\\/contacte\\\/#breadcrumb\",\"itemListElement\":[{\"@type\":\"ListItem\",\"position\":1,\"name\":\"Home\",\"item\":\"https:\\\/\\\/mirureformes.com\\\/ca\\\/\"},{\"@type\":\"ListItem\",\"position\":2,\"name\":\"Contacte\"}]},{\"@type\":\"WebSite\",\"@id\":\"https:\\\/\\\/mirureformes.com\\\/ca\\\/#website\",\"url\":\"https:\\\/\\\/mirureformes.com\\\/ca\\\/\",\"name\":\"miru\",\"description\":\"\",\"potentialAction\":[{\"@type\":\"SearchAction\",\"target\":{\"@type\":\"EntryPoint\",\"urlTemplate\":\"https:\\\/\\\/mirureformes.com\\\/ca\\\/?s={search_term_string}\"},\"query-input\":{\"@type\":\"PropertyValueSpecification\",\"valueRequired\":true,\"valueName\":\"search_term_string\"}}],\"inLanguage\":\"ca\"}]}<\/script>\n<!-- \/ Yoast SEO plugin. -->","yoast_head_json":{"title":"Contacte - miru","robots":{"index":"index","follow":"follow","max-snippet":"max-snippet:-1","max-image-preview":"max-image-preview:large","max-video-preview":"max-video-preview:-1"},"canonical":"https:\/\/mirureformes.com\/ca\/contacte\/","og_locale":"ca_ES","og_type":"article","og_title":"Contacte - miru","og_description":"CONTACTE COMENCEM? A punt per comen\u00e7ar el teu projecte? Som aqu\u00ed per ajudar-te. Contacta&#8217;ns per rebre assessorament personalitzat i un pressupost sense comprom\u00eds. Parlem el teu idioma. Catal\u00e0, Castell\u00e0, Angl\u00e8s, Rus, Roman\u00e8s TRUCA&#8217;NS AL 619 646 502 WHATSAPP 642 032 191 ESCRIU-NOS A MIRU@MIRUREFORMES.COM El teu projecte comen\u00e7a aqu\u00ed. Parlem?","og_url":"https:\/\/mirureformes.com\/ca\/contacte\/","og_site_name":"miru","article_modified_time":"2025-04-16T15:26:14+00:00","twitter_card":"summary_large_image","schema":{"@context":"https:\/\/schema.org","@graph":[{"@type":"WebPage","@id":"https:\/\/mirureformes.com\/ca\/contacte\/","url":"https:\/\/mirureformes.com\/ca\/contacte\/","name":"Contacte - miru","isPartOf":{"@id":"https:\/\/mirureformes.com\/ca\/#website"},"datePublished":"2025-02-25T20:37:18+00:00","dateModified":"2025-04-16T15:26:14+00:00","breadcrumb":{"@id":"https:\/\/mirureformes.com\/ca\/contacte\/#breadcrumb"},"inLanguage":"ca","potentialAction":[{"@type":"ReadAction","target":["https:\/\/mirureformes.com\/ca\/contacte\/"]}]},{"@type":"BreadcrumbList","@id":"https:\/\/mirureformes.com\/ca\/contacte\/#breadcrumb","itemListElement":[{"@type":"ListItem","position":1,"name":"Home","item":"https:\/\/mirureformes.com\/ca\/"},{"@type":"ListItem","position":2,"name":"Contacte"}]},{"@type":"WebSite","@id":"https:\/\/mirureformes.com\/ca\/#website","url":"https:\/\/mirureformes.com\/ca\/","name":"miru","description":"","potentialAction":[{"@type":"SearchAction","target":{"@type":"EntryPoint","urlTemplate":"https:\/\/mirureformes.com\/ca\/?s={search_term_string}"},"query-input":{"@type":"PropertyValueSpecification","valueRequired":true,"valueName":"search_term_string"}}],"inLanguage":"ca"}]}},"_links":{"self":[{"href":"https:\/\/mirureformes.com\/ca\/wp-json\/wp\/v2\/pages\/690","targetHints":{"allow":["GET"]}}],"collection":[{"href":"https:\/\/mirureformes.com\/ca\/wp-json\/wp\/v2\/pages"}],"about":[{"href":"https:\/\/mirureformes.com\/ca\/wp-json\/wp\/v2\/types\/page"}],"author":[{"embeddable":true,"href":"https:\/\/mirureformes.com\/ca\/wp-json\/wp\/v2\/users\/1"}],"replies":[{"embeddable":true,"href":"https:\/\/mirureformes.com\/ca\/wp-json\/wp\/v2\/comments?post=690"}],"version-history":[{"count":0,"href":"https:\/\/mirureformes.com\/ca\/wp-json\/wp\/v2\/pages\/690\/revisions"}],"wp:attachment":[{"href":"https:\/\/mirureformes.com\/ca\/wp-json\/wp\/v2\/media?parent=690"}],"curies":[{"name":"wp","href":"https:\/\/api.w.org\/{rel}","templated":true}]}}