{"id":688,"date":"2025-02-25T21:36:40","date_gmt":"2025-02-25T20:36:40","guid":{"rendered":"https:\/\/mirureformes.com\/nosaltres\/"},"modified":"2025-04-16T16:25:54","modified_gmt":"2025-04-16T15:25:54","slug":"nosaltres","status":"publish","type":"page","link":"https:\/\/mirureformes.com\/ca\/nosaltres\/","title":{"rendered":"Nosaltres"},"content":{"rendered":"\t\t<div data-elementor-type=\"wp-page\" data-elementor-id=\"688\" class=\"elementor elementor-688 elementor-38\" data-elementor-post-type=\"page\">\n\t\t\t\t<div class=\"elementor-element elementor-element-c64f31c e-con-full e-flex e-con e-parent\" data-id=\"c64f31c\" data-element_type=\"container\" data-e-type=\"container\" data-settings=\"{&quot;background_background&quot;:&quot;classic&quot;}\">\n\t\t<div class=\"elementor-element elementor-element-39bd283 e-con-full e-flex e-con e-child\" data-id=\"39bd283\" data-element_type=\"container\" data-e-type=\"container\">\n\t\t\t\t<div class=\"elementor-element elementor-element-82a208f elementor-widget elementor-widget-text-editor\" data-id=\"82a208f\" data-element_type=\"widget\" data-e-type=\"widget\" data-widget_type=\"text-editor.default\">\n\t\t\t\t<div class=\"elementor-widget-container\">\n\t\t\t\t\t\t\t\t\t<p>NOSALTRES<\/p>\t\t\t\t\t\t\t\t<\/div>\n\t\t\t\t<\/div>\n\t\t\t\t<\/div>\n\t\t<div class=\"elementor-element elementor-element-829f1f5 e-con-full e-flex e-con e-child\" data-id=\"829f1f5\" data-element_type=\"container\" data-e-type=\"container\">\n\t\t\t\t<div class=\"elementor-element elementor-element-27ed222 elementor-widget elementor-widget-text-editor\" data-id=\"27ed222\" data-element_type=\"widget\" data-e-type=\"widget\" data-widget_type=\"text-editor.default\">\n\t\t\t\t<div class=\"elementor-widget-container\">\n\t\t\t\t\t\t\t\t\t<p>Som una empresa dedicada a les reformes i construcci\u00f3, amb anys d&#8217;experi\u00e8ncia creant espais que combinen funcionalitat, qualitat i disseny. El nostre equip est\u00e0 format per professionals compromesos amb cada detall, des del primer esb\u00f3s fins al lliurament final. Treballem amb materials d&#8217;alta qualitat i solucions personalitzades per garantir la satisfacci\u00f3.<\/p><p>El nostre objectiu \u00e9s construir les teves idees i superar les teves expectatives.<\/p>\t\t\t\t\t\t\t\t<\/div>\n\t\t\t\t<\/div>\n\t\t\t\t<\/div>\n\t\t\t\t<div class=\"elementor-element elementor-element-952a9ef elementor-widget__width-inherit elementor-widget elementor-widget-image\" data-id=\"952a9ef\" data-element_type=\"widget\" data-e-type=\"widget\" data-widget_type=\"image.default\">\n\t\t\t\t<div class=\"elementor-widget-container\">\n\t\t\t\t\t\t\t\t\t\t\t\t\t\t\t<img fetchpriority=\"high\" decoding=\"async\" width=\"1340\" height=\"547\" src=\"https:\/\/mirureformes.com\/wp-content\/uploads\/2025\/03\/carrier.png\" class=\"attachment-2048x2048 size-2048x2048 wp-image-414\" alt=\"\" srcset=\"https:\/\/mirureformes.com\/wp-content\/uploads\/2025\/03\/carrier.png 1340w, https:\/\/mirureformes.com\/wp-content\/uploads\/2025\/03\/carrier-300x122.png 300w, https:\/\/mirureformes.com\/wp-content\/uploads\/2025\/03\/carrier-1024x418.png 1024w, https:\/\/mirureformes.com\/wp-content\/uploads\/2025\/03\/carrier-768x314.png 768w\" sizes=\"(max-width: 1340px) 100vw, 1340px\" \/>\t\t\t\t\t\t\t\t\t\t\t\t\t\t\t<\/div>\n\t\t\t\t<\/div>\n\t\t\t\t<\/div>\n\t\t\t\t<\/div>\n\t\t","protected":false},"excerpt":{"rendered":"<p>NOSALTRES Som una empresa dedicada a les reformes i construcci\u00f3, amb anys d&#8217;experi\u00e8ncia creant espais que combinen funcionalitat, qualitat i disseny. El nostre equip est\u00e0 format per professionals compromesos amb cada detall, des del primer esb\u00f3s fins al lliurament final. Treballem amb materials d&#8217;alta qualitat i solucions personalitzades per garantir la satisfacci\u00f3. El nostre objectiu [&hellip;]<\/p>\n","protected":false},"author":1,"featured_media":0,"parent":0,"menu_order":0,"comment_status":"closed","ping_status":"closed","template":"","meta":{"footnotes":""},"class_list":["post-688","page","type-page","status-publish","hentry"],"yoast_head":"<!-- This site is optimized with the Yoast SEO plugin v27.4 - https:\/\/yoast.com\/product\/yoast-seo-wordpress\/ -->\n<title>Nosaltres - miru<\/title>\n<meta name=\"robots\" content=\"index, follow, max-snippet:-1, max-image-preview:large, max-video-preview:-1\" \/>\n<link rel=\"canonical\" href=\"https:\/\/mirureformes.com\/ca\/nosaltres\/\" \/>\n<meta property=\"og:locale\" content=\"ca_ES\" \/>\n<meta property=\"og:type\" content=\"article\" \/>\n<meta property=\"og:title\" content=\"Nosaltres - miru\" \/>\n<meta property=\"og:description\" content=\"NOSALTRES Som una empresa dedicada a les reformes i construcci\u00f3, amb anys d&#8217;experi\u00e8ncia creant espais que combinen funcionalitat, qualitat i disseny. El nostre equip est\u00e0 format per professionals compromesos amb cada detall, des del primer esb\u00f3s fins al lliurament final. Treballem amb materials d&#8217;alta qualitat i solucions personalitzades per garantir la satisfacci\u00f3. El nostre objectiu [&hellip;]\" \/>\n<meta property=\"og:url\" content=\"https:\/\/mirureformes.com\/ca\/nosaltres\/\" \/>\n<meta property=\"og:site_name\" content=\"miru\" \/>\n<meta property=\"article:modified_time\" content=\"2025-04-16T15:25:54+00:00\" \/>\n<meta property=\"og:image\" content=\"https:\/\/mirureformes.com\/wp-content\/uploads\/2025\/03\/carrier.png\" \/>\n\t<meta property=\"og:image:width\" content=\"1340\" \/>\n\t<meta property=\"og:image:height\" content=\"547\" \/>\n\t<meta property=\"og:image:type\" content=\"image\/png\" \/>\n<meta name=\"twitter:card\" content=\"summary_large_image\" \/>\n<script type=\"application\/ld+json\" class=\"yoast-schema-graph\">{\"@context\":\"https:\\\/\\\/schema.org\",\"@graph\":[{\"@type\":\"WebPage\",\"@id\":\"https:\\\/\\\/mirureformes.com\\\/ca\\\/nosaltres\\\/\",\"url\":\"https:\\\/\\\/mirureformes.com\\\/ca\\\/nosaltres\\\/\",\"name\":\"Nosaltres - miru\",\"isPartOf\":{\"@id\":\"https:\\\/\\\/mirureformes.com\\\/ca\\\/#website\"},\"primaryImageOfPage\":{\"@id\":\"https:\\\/\\\/mirureformes.com\\\/ca\\\/nosaltres\\\/#primaryimage\"},\"image\":{\"@id\":\"https:\\\/\\\/mirureformes.com\\\/ca\\\/nosaltres\\\/#primaryimage\"},\"thumbnailUrl\":\"https:\\\/\\\/mirureformes.com\\\/wp-content\\\/uploads\\\/2025\\\/03\\\/carrier.png\",\"datePublished\":\"2025-02-25T20:36:40+00:00\",\"dateModified\":\"2025-04-16T15:25:54+00:00\",\"breadcrumb\":{\"@id\":\"https:\\\/\\\/mirureformes.com\\\/ca\\\/nosaltres\\\/#breadcrumb\"},\"inLanguage\":\"ca\",\"potentialAction\":[{\"@type\":\"ReadAction\",\"target\":[\"https:\\\/\\\/mirureformes.com\\\/ca\\\/nosaltres\\\/\"]}]},{\"@type\":\"ImageObject\",\"inLanguage\":\"ca\",\"@id\":\"https:\\\/\\\/mirureformes.com\\\/ca\\\/nosaltres\\\/#primaryimage\",\"url\":\"https:\\\/\\\/mirureformes.com\\\/wp-content\\\/uploads\\\/2025\\\/03\\\/carrier.png\",\"contentUrl\":\"https:\\\/\\\/mirureformes.com\\\/wp-content\\\/uploads\\\/2025\\\/03\\\/carrier.png\"},{\"@type\":\"BreadcrumbList\",\"@id\":\"https:\\\/\\\/mirureformes.com\\\/ca\\\/nosaltres\\\/#breadcrumb\",\"itemListElement\":[{\"@type\":\"ListItem\",\"position\":1,\"name\":\"Home\",\"item\":\"https:\\\/\\\/mirureformes.com\\\/ca\\\/\"},{\"@type\":\"ListItem\",\"position\":2,\"name\":\"Nosaltres\"}]},{\"@type\":\"WebSite\",\"@id\":\"https:\\\/\\\/mirureformes.com\\\/ca\\\/#website\",\"url\":\"https:\\\/\\\/mirureformes.com\\\/ca\\\/\",\"name\":\"miru\",\"description\":\"\",\"potentialAction\":[{\"@type\":\"SearchAction\",\"target\":{\"@type\":\"EntryPoint\",\"urlTemplate\":\"https:\\\/\\\/mirureformes.com\\\/ca\\\/?s={search_term_string}\"},\"query-input\":{\"@type\":\"PropertyValueSpecification\",\"valueRequired\":true,\"valueName\":\"search_term_string\"}}],\"inLanguage\":\"ca\"}]}<\/script>\n<!-- \/ Yoast SEO plugin. -->","yoast_head_json":{"title":"Nosaltres - miru","robots":{"index":"index","follow":"follow","max-snippet":"max-snippet:-1","max-image-preview":"max-image-preview:large","max-video-preview":"max-video-preview:-1"},"canonical":"https:\/\/mirureformes.com\/ca\/nosaltres\/","og_locale":"ca_ES","og_type":"article","og_title":"Nosaltres - miru","og_description":"NOSALTRES Som una empresa dedicada a les reformes i construcci\u00f3, amb anys d&#8217;experi\u00e8ncia creant espais que combinen funcionalitat, qualitat i disseny. El nostre equip est\u00e0 format per professionals compromesos amb cada detall, des del primer esb\u00f3s fins al lliurament final. Treballem amb materials d&#8217;alta qualitat i solucions personalitzades per garantir la satisfacci\u00f3. El nostre objectiu [&hellip;]","og_url":"https:\/\/mirureformes.com\/ca\/nosaltres\/","og_site_name":"miru","article_modified_time":"2025-04-16T15:25:54+00:00","og_image":[{"width":1340,"height":547,"url":"https:\/\/mirureformes.com\/wp-content\/uploads\/2025\/03\/carrier.png","type":"image\/png"}],"twitter_card":"summary_large_image","schema":{"@context":"https:\/\/schema.org","@graph":[{"@type":"WebPage","@id":"https:\/\/mirureformes.com\/ca\/nosaltres\/","url":"https:\/\/mirureformes.com\/ca\/nosaltres\/","name":"Nosaltres - miru","isPartOf":{"@id":"https:\/\/mirureformes.com\/ca\/#website"},"primaryImageOfPage":{"@id":"https:\/\/mirureformes.com\/ca\/nosaltres\/#primaryimage"},"image":{"@id":"https:\/\/mirureformes.com\/ca\/nosaltres\/#primaryimage"},"thumbnailUrl":"https:\/\/mirureformes.com\/wp-content\/uploads\/2025\/03\/carrier.png","datePublished":"2025-02-25T20:36:40+00:00","dateModified":"2025-04-16T15:25:54+00:00","breadcrumb":{"@id":"https:\/\/mirureformes.com\/ca\/nosaltres\/#breadcrumb"},"inLanguage":"ca","potentialAction":[{"@type":"ReadAction","target":["https:\/\/mirureformes.com\/ca\/nosaltres\/"]}]},{"@type":"ImageObject","inLanguage":"ca","@id":"https:\/\/mirureformes.com\/ca\/nosaltres\/#primaryimage","url":"https:\/\/mirureformes.com\/wp-content\/uploads\/2025\/03\/carrier.png","contentUrl":"https:\/\/mirureformes.com\/wp-content\/uploads\/2025\/03\/carrier.png"},{"@type":"BreadcrumbList","@id":"https:\/\/mirureformes.com\/ca\/nosaltres\/#breadcrumb","itemListElement":[{"@type":"ListItem","position":1,"name":"Home","item":"https:\/\/mirureformes.com\/ca\/"},{"@type":"ListItem","position":2,"name":"Nosaltres"}]},{"@type":"WebSite","@id":"https:\/\/mirureformes.com\/ca\/#website","url":"https:\/\/mirureformes.com\/ca\/","name":"miru","description":"","potentialAction":[{"@type":"SearchAction","target":{"@type":"EntryPoint","urlTemplate":"https:\/\/mirureformes.com\/ca\/?s={search_term_string}"},"query-input":{"@type":"PropertyValueSpecification","valueRequired":true,"valueName":"search_term_string"}}],"inLanguage":"ca"}]}},"_links":{"self":[{"href":"https:\/\/mirureformes.com\/ca\/wp-json\/wp\/v2\/pages\/688","targetHints":{"allow":["GET"]}}],"collection":[{"href":"https:\/\/mirureformes.com\/ca\/wp-json\/wp\/v2\/pages"}],"about":[{"href":"https:\/\/mirureformes.com\/ca\/wp-json\/wp\/v2\/types\/page"}],"author":[{"embeddable":true,"href":"https:\/\/mirureformes.com\/ca\/wp-json\/wp\/v2\/users\/1"}],"replies":[{"embeddable":true,"href":"https:\/\/mirureformes.com\/ca\/wp-json\/wp\/v2\/comments?post=688"}],"version-history":[{"count":0,"href":"https:\/\/mirureformes.com\/ca\/wp-json\/wp\/v2\/pages\/688\/revisions"}],"wp:attachment":[{"href":"https:\/\/mirureformes.com\/ca\/wp-json\/wp\/v2\/media?parent=688"}],"curies":[{"name":"wp","href":"https:\/\/api.w.org\/{rel}","templated":true}]}}