{"id":682,"date":"2025-02-25T21:36:23","date_gmt":"2025-02-25T20:36:23","guid":{"rendered":"https:\/\/mirureformes.com\/serveis\/"},"modified":"2025-04-16T16:24:52","modified_gmt":"2025-04-16T15:24:52","slug":"serveis","status":"publish","type":"page","link":"https:\/\/mirureformes.com\/ca\/serveis\/","title":{"rendered":"Serveis"},"content":{"rendered":"\t\t<div data-elementor-type=\"wp-page\" data-elementor-id=\"682\" class=\"elementor elementor-682 elementor-36\" data-elementor-post-type=\"page\">\n\t\t\t\t<div class=\"elementor-element elementor-element-315d111 e-con-full e-flex e-con e-parent\" data-id=\"315d111\" data-element_type=\"container\" data-e-type=\"container\" data-settings=\"{&quot;background_background&quot;:&quot;classic&quot;}\">\n\t\t<div class=\"elementor-element elementor-element-2f092a5 e-con-full e-flex e-con e-child\" data-id=\"2f092a5\" data-element_type=\"container\" data-e-type=\"container\">\n\t\t\t\t<div class=\"elementor-element elementor-element-0128fcc elementor-widget elementor-widget-heading\" data-id=\"0128fcc\" data-element_type=\"widget\" data-e-type=\"widget\" data-widget_type=\"heading.default\">\n\t\t\t\t<div class=\"elementor-widget-container\">\n\t\t\t\t\t<h1 class=\"elementor-heading-title elementor-size-default\">SERVEIS<\/h1>\t\t\t\t<\/div>\n\t\t\t\t<\/div>\n\t\t\t\t<\/div>\n\t\t<div class=\"elementor-element elementor-element-7ec248a e-con-full e-flex e-con e-child\" data-id=\"7ec248a\" data-element_type=\"container\" data-e-type=\"container\">\n\t\t<div class=\"elementor-element elementor-element-26f8aee e-con-full e-flex e-con e-child\" data-id=\"26f8aee\" data-element_type=\"container\" data-e-type=\"container\">\n\t\t\t\t<div class=\"elementor-element elementor-element-4a9e502 elementor-widget__width-initial elementor-widget elementor-widget-heading\" data-id=\"4a9e502\" data-element_type=\"widget\" data-e-type=\"widget\" data-widget_type=\"heading.default\">\n\t\t\t\t<div class=\"elementor-widget-container\">\n\t\t\t\t\t<h2 class=\"elementor-heading-title elementor-size-default\">REFORMES INTEGRALS<\/h2>\t\t\t\t<\/div>\n\t\t\t\t<\/div>\n\t\t\t\t<\/div>\n\t\t<div class=\"elementor-element elementor-element-e6a2eb1 e-con-full e-flex e-con e-child\" data-id=\"e6a2eb1\" data-element_type=\"container\" data-e-type=\"container\">\n\t\t\t\t<div class=\"elementor-element elementor-element-b0588c3 elementor-widget-divider--view-line elementor-widget elementor-widget-divider\" data-id=\"b0588c3\" data-element_type=\"widget\" data-e-type=\"widget\" data-widget_type=\"divider.default\">\n\t\t\t\t<div class=\"elementor-widget-container\">\n\t\t\t\t\t\t\t<div class=\"elementor-divider\">\n\t\t\t<span class=\"elementor-divider-separator\">\n\t\t\t\t\t\t<\/span>\n\t\t<\/div>\n\t\t\t\t\t\t<\/div>\n\t\t\t\t<\/div>\n\t\t\t\t<\/div>\n\t\t<div class=\"elementor-element elementor-element-4c28c03 e-con-full e-flex e-con e-child\" data-id=\"4c28c03\" data-element_type=\"container\" data-e-type=\"container\">\n\t\t\t\t<div class=\"elementor-element elementor-element-90cb0ed elementor-widget elementor-widget-text-editor\" data-id=\"90cb0ed\" data-element_type=\"widget\" data-e-type=\"widget\" data-widget_type=\"text-editor.default\">\n\t\t\t\t<div class=\"elementor-widget-container\">\n\t\t\t\t\t\t\t\t\t<p>Dissenyem i executem reformes completes per transformar qualsevol espai. Ens encarreguem de tot, des del disseny fins als acabats, amb solucions personalitzades per a casa teva o negoci.<\/p>\t\t\t\t\t\t\t\t<\/div>\n\t\t\t\t<\/div>\n\t\t\t\t<\/div>\n\t\t\t\t<\/div>\n\t\t<div class=\"elementor-element elementor-element-f44466e e-con-full e-flex e-con e-child\" data-id=\"f44466e\" data-element_type=\"container\" data-e-type=\"container\">\n\t\t<div class=\"elementor-element elementor-element-64f9830 e-con-full e-flex e-con e-child\" data-id=\"64f9830\" data-element_type=\"container\" data-e-type=\"container\">\n\t\t\t\t<div class=\"elementor-element elementor-element-5530098 elementor-widget__width-initial elementor-widget elementor-widget-heading\" data-id=\"5530098\" data-element_type=\"widget\" data-e-type=\"widget\" data-widget_type=\"heading.default\">\n\t\t\t\t<div class=\"elementor-widget-container\">\n\t\t\t\t\t<h2 class=\"elementor-heading-title elementor-size-default\">FUSTERIA D'ALUMINI I PVC<\/h2>\t\t\t\t<\/div>\n\t\t\t\t<\/div>\n\t\t\t\t<\/div>\n\t\t<div class=\"elementor-element elementor-element-cd3661f e-con-full e-flex e-con e-child\" data-id=\"cd3661f\" data-element_type=\"container\" data-e-type=\"container\">\n\t\t\t\t<div class=\"elementor-element elementor-element-225def7 elementor-widget-divider--view-line elementor-widget elementor-widget-divider\" data-id=\"225def7\" data-element_type=\"widget\" data-e-type=\"widget\" data-widget_type=\"divider.default\">\n\t\t\t\t<div class=\"elementor-widget-container\">\n\t\t\t\t\t\t\t<div class=\"elementor-divider\">\n\t\t\t<span class=\"elementor-divider-separator\">\n\t\t\t\t\t\t<\/span>\n\t\t<\/div>\n\t\t\t\t\t\t<\/div>\n\t\t\t\t<\/div>\n\t\t\t\t<\/div>\n\t\t<div class=\"elementor-element elementor-element-def5706 e-con-full e-flex e-con e-child\" data-id=\"def5706\" data-element_type=\"container\" data-e-type=\"container\">\n\t\t\t\t<div class=\"elementor-element elementor-element-faddd00 elementor-widget elementor-widget-text-editor\" data-id=\"faddd00\" data-element_type=\"widget\" data-e-type=\"widget\" data-widget_type=\"text-editor.default\">\n\t\t\t\t<div class=\"elementor-widget-container\">\n\t\t\t\t\t\t\t\t\t<p>Fabriquem i instal\u00b7lem finestres, portes i tancaments d&#8217;alta qualitat, assegurant a\u00efllament t\u00e8rmic, ac\u00fastic i durabilitat.<\/p>\t\t\t\t\t\t\t\t<\/div>\n\t\t\t\t<\/div>\n\t\t\t\t<\/div>\n\t\t\t\t<\/div>\n\t\t<div class=\"elementor-element elementor-element-f3228b7 e-con-full e-flex e-con e-child\" data-id=\"f3228b7\" data-element_type=\"container\" data-e-type=\"container\">\n\t\t<div class=\"elementor-element elementor-element-8f137b9 e-con-full e-flex e-con e-child\" data-id=\"8f137b9\" data-element_type=\"container\" data-e-type=\"container\">\n\t\t\t\t<div class=\"elementor-element elementor-element-03457af elementor-widget__width-initial elementor-widget elementor-widget-heading\" data-id=\"03457af\" data-element_type=\"widget\" data-e-type=\"widget\" data-widget_type=\"heading.default\">\n\t\t\t\t<div class=\"elementor-widget-container\">\n\t\t\t\t\t<h2 class=\"elementor-heading-title elementor-size-default\">TREBALLS DE FERRO I ACER INOXIDABLE<\/h2>\t\t\t\t<\/div>\n\t\t\t\t<\/div>\n\t\t\t\t<\/div>\n\t\t<div class=\"elementor-element elementor-element-0a013f0 e-con-full e-flex e-con e-child\" data-id=\"0a013f0\" data-element_type=\"container\" data-e-type=\"container\">\n\t\t\t\t<div class=\"elementor-element elementor-element-3f55fe6 elementor-widget-divider--view-line elementor-widget elementor-widget-divider\" data-id=\"3f55fe6\" data-element_type=\"widget\" data-e-type=\"widget\" data-widget_type=\"divider.default\">\n\t\t\t\t<div class=\"elementor-widget-container\">\n\t\t\t\t\t\t\t<div class=\"elementor-divider\">\n\t\t\t<span class=\"elementor-divider-separator\">\n\t\t\t\t\t\t<\/span>\n\t\t<\/div>\n\t\t\t\t\t\t<\/div>\n\t\t\t\t<\/div>\n\t\t\t\t<\/div>\n\t\t<div class=\"elementor-element elementor-element-2ca0d23 e-con-full e-flex e-con e-child\" data-id=\"2ca0d23\" data-element_type=\"container\" data-e-type=\"container\">\n\t\t\t\t<div class=\"elementor-element elementor-element-4dce22b elementor-widget elementor-widget-text-editor\" data-id=\"4dce22b\" data-element_type=\"widget\" data-e-type=\"widget\" data-widget_type=\"text-editor.default\">\n\t\t\t\t<div class=\"elementor-widget-container\">\n\t\t\t\t\t\t\t\t\t<p>Creem baranes, portes i estructures a mida amb materials resistents i dissenys exclusius que combinen seguretat i estil. Comptem amb soldadors homologats i amb \u00e0mplia experi\u00e8ncia per oferir resultats precisos i duradors.<\/p>\t\t\t\t\t\t\t\t<\/div>\n\t\t\t\t<\/div>\n\t\t\t\t<\/div>\n\t\t\t\t<\/div>\n\t\t<div class=\"elementor-element elementor-element-5e62769 e-con-full e-flex e-con e-child\" data-id=\"5e62769\" data-element_type=\"container\" data-e-type=\"container\">\n\t\t<div class=\"elementor-element elementor-element-b292c36 e-con-full e-flex e-con e-child\" data-id=\"b292c36\" data-element_type=\"container\" data-e-type=\"container\">\n\t\t\t\t<div class=\"elementor-element elementor-element-4564995 elementor-widget__width-initial elementor-widget elementor-widget-heading\" data-id=\"4564995\" data-element_type=\"widget\" data-e-type=\"widget\" data-widget_type=\"heading.default\">\n\t\t\t\t<div class=\"elementor-widget-container\">\n\t\t\t\t\t<h2 class=\"elementor-heading-title elementor-size-default\">PARETS DE PEDRA I ACABATS R\u00daSTICS<\/h2>\t\t\t\t<\/div>\n\t\t\t\t<\/div>\n\t\t\t\t<\/div>\n\t\t<div class=\"elementor-element elementor-element-f003adc e-con-full e-flex e-con e-child\" data-id=\"f003adc\" data-element_type=\"container\" data-e-type=\"container\">\n\t\t\t\t<div class=\"elementor-element elementor-element-eb78006 elementor-widget-divider--view-line elementor-widget elementor-widget-divider\" data-id=\"eb78006\" data-element_type=\"widget\" data-e-type=\"widget\" data-widget_type=\"divider.default\">\n\t\t\t\t<div class=\"elementor-widget-container\">\n\t\t\t\t\t\t\t<div class=\"elementor-divider\">\n\t\t\t<span class=\"elementor-divider-separator\">\n\t\t\t\t\t\t<\/span>\n\t\t<\/div>\n\t\t\t\t\t\t<\/div>\n\t\t\t\t<\/div>\n\t\t\t\t<\/div>\n\t\t<div class=\"elementor-element elementor-element-f72b4bd e-con-full e-flex e-con e-child\" data-id=\"f72b4bd\" data-element_type=\"container\" data-e-type=\"container\">\n\t\t\t\t<div class=\"elementor-element elementor-element-69ad34e elementor-widget elementor-widget-text-editor\" data-id=\"69ad34e\" data-element_type=\"widget\" data-e-type=\"widget\" data-widget_type=\"text-editor.default\">\n\t\t\t\t<div class=\"elementor-widget-container\">\n\t\t\t\t\t\t\t\t\t<p>Especialistes en la construcci\u00f3 de murs de pedra s\u00f2lids i duradors, ideals per garantir estabilitat i est\u00e8tica a qualsevol espai. Tamb\u00e9 oferim revestiments de parets amb acabats de pedra r\u00fastica, aportant un toc natural, elegant i atemporal.<\/p>\t\t\t\t\t\t\t\t<\/div>\n\t\t\t\t<\/div>\n\t\t\t\t<\/div>\n\t\t\t\t<\/div>\n\t\t<div class=\"elementor-element elementor-element-742405c e-con-full e-flex e-con e-child\" data-id=\"742405c\" data-element_type=\"container\" data-e-type=\"container\">\n\t\t<div class=\"elementor-element elementor-element-628197d e-con-full e-flex e-con e-child\" data-id=\"628197d\" data-element_type=\"container\" data-e-type=\"container\">\n\t\t\t\t<div class=\"elementor-element elementor-element-a905117 elementor-widget__width-initial elementor-widget elementor-widget-heading\" data-id=\"a905117\" data-element_type=\"widget\" data-e-type=\"widget\" data-widget_type=\"heading.default\">\n\t\t\t\t<div class=\"elementor-widget-container\">\n\t\t\t\t\t<h2 class=\"elementor-heading-title elementor-size-default\">CONSTRUCCI\u00d3 DE TERRASSES I ESPAIS EXTERIORS<\/h2>\t\t\t\t<\/div>\n\t\t\t\t<\/div>\n\t\t\t\t<\/div>\n\t\t<div class=\"elementor-element elementor-element-45a2191 e-con-full e-flex e-con e-child\" data-id=\"45a2191\" data-element_type=\"container\" data-e-type=\"container\">\n\t\t\t\t<div class=\"elementor-element elementor-element-6e2dc70 elementor-widget-divider--view-line elementor-widget elementor-widget-divider\" data-id=\"6e2dc70\" data-element_type=\"widget\" data-e-type=\"widget\" data-widget_type=\"divider.default\">\n\t\t\t\t<div class=\"elementor-widget-container\">\n\t\t\t\t\t\t\t<div class=\"elementor-divider\">\n\t\t\t<span class=\"elementor-divider-separator\">\n\t\t\t\t\t\t<\/span>\n\t\t<\/div>\n\t\t\t\t\t\t<\/div>\n\t\t\t\t<\/div>\n\t\t\t\t<\/div>\n\t\t<div class=\"elementor-element elementor-element-a497c11 e-con-full e-flex e-con e-child\" data-id=\"a497c11\" data-element_type=\"container\" data-e-type=\"container\">\n\t\t\t\t<div class=\"elementor-element elementor-element-7501f37 elementor-widget elementor-widget-text-editor\" data-id=\"7501f37\" data-element_type=\"widget\" data-e-type=\"widget\" data-widget_type=\"text-editor.default\">\n\t\t\t\t<div class=\"elementor-widget-container\">\n\t\t\t\t\t\t\t\t\t<p>Aprofita al m\u00e0xim les \u00e0rees exteriors amb terrasses dissenyades per gaudir tot l&#8217;any.<\/p>\t\t\t\t\t\t\t\t<\/div>\n\t\t\t\t<\/div>\n\t\t\t\t<\/div>\n\t\t\t\t<\/div>\n\t\t<div class=\"elementor-element elementor-element-c5d73f1 e-con-full e-flex e-con e-child\" data-id=\"c5d73f1\" data-element_type=\"container\" data-e-type=\"container\">\n\t\t<div class=\"elementor-element elementor-element-44f6e17 e-con-full e-flex e-con e-child\" data-id=\"44f6e17\" data-element_type=\"container\" data-e-type=\"container\">\n\t\t\t\t<div class=\"elementor-element elementor-element-8d13b01 elementor-widget__width-initial elementor-widget elementor-widget-heading\" data-id=\"8d13b01\" data-element_type=\"widget\" data-e-type=\"widget\" data-widget_type=\"heading.default\">\n\t\t\t\t<div class=\"elementor-widget-container\">\n\t\t\t\t\t<h2 class=\"elementor-heading-title elementor-size-default\">PLADUR I DRYWALL<\/h2>\t\t\t\t<\/div>\n\t\t\t\t<\/div>\n\t\t\t\t<\/div>\n\t\t<div class=\"elementor-element elementor-element-a28d70d e-con-full e-flex e-con e-child\" data-id=\"a28d70d\" data-element_type=\"container\" data-e-type=\"container\">\n\t\t\t\t<div class=\"elementor-element elementor-element-577098f elementor-widget-divider--view-line elementor-widget elementor-widget-divider\" data-id=\"577098f\" data-element_type=\"widget\" data-e-type=\"widget\" data-widget_type=\"divider.default\">\n\t\t\t\t<div class=\"elementor-widget-container\">\n\t\t\t\t\t\t\t<div class=\"elementor-divider\">\n\t\t\t<span class=\"elementor-divider-separator\">\n\t\t\t\t\t\t<\/span>\n\t\t<\/div>\n\t\t\t\t\t\t<\/div>\n\t\t\t\t<\/div>\n\t\t\t\t<\/div>\n\t\t<div class=\"elementor-element elementor-element-c014b86 e-con-full e-flex e-con e-child\" data-id=\"c014b86\" data-element_type=\"container\" data-e-type=\"container\">\n\t\t\t\t<div class=\"elementor-element elementor-element-25be9f6 elementor-widget elementor-widget-text-editor\" data-id=\"25be9f6\" data-element_type=\"widget\" data-e-type=\"widget\" data-widget_type=\"text-editor.default\">\n\t\t\t\t<div class=\"elementor-widget-container\">\n\t\t\t\t\t\t\t\t\t<p>Dissenyem i executem reformes completes per transformar qualsevol espai. Ens encarreguem de tot,Optimitza els teus espais interiors amb solucions lleugeres i vers\u00e0tils, ideals per a oficines, llars i locals comercials.s del disseny fins als acabats, amb solucions personalitzades per a la teva llar o negoci.<\/p>\t\t\t\t\t\t\t\t<\/div>\n\t\t\t\t<\/div>\n\t\t\t\t<\/div>\n\t\t\t\t<\/div>\n\t\t\t\t<div class=\"elementor-element elementor-element-09eb9e6 elementor-widget elementor-widget-image\" data-id=\"09eb9e6\" data-element_type=\"widget\" data-e-type=\"widget\" data-widget_type=\"image.default\">\n\t\t\t\t<div class=\"elementor-widget-container\">\n\t\t\t\t\t\t\t\t\t\t\t\t\t\t\t<img fetchpriority=\"high\" decoding=\"async\" width=\"1340\" height=\"422\" src=\"https:\/\/mirureformes.com\/wp-content\/uploads\/2025\/03\/obra.png\" class=\"attachment-full size-full wp-image-171\" alt=\"\" srcset=\"https:\/\/mirureformes.com\/wp-content\/uploads\/2025\/03\/obra.png 1340w, https:\/\/mirureformes.com\/wp-content\/uploads\/2025\/03\/obra-300x94.png 300w, https:\/\/mirureformes.com\/wp-content\/uploads\/2025\/03\/obra-1024x322.png 1024w, https:\/\/mirureformes.com\/wp-content\/uploads\/2025\/03\/obra-768x242.png 768w\" sizes=\"(max-width: 1340px) 100vw, 1340px\" \/>\t\t\t\t\t\t\t\t\t\t\t\t\t\t\t<\/div>\n\t\t\t\t<\/div>\n\t\t\t\t<\/div>\n\t\t\t\t<\/div>\n\t\t","protected":false},"excerpt":{"rendered":"<p>SERVEIS REFORMES INTEGRALS Dissenyem i executem reformes completes per transformar qualsevol espai. Ens encarreguem de tot, des del disseny fins als acabats, amb solucions personalitzades per a casa teva o negoci. FUSTERIA D&#8217;ALUMINI I PVC Fabriquem i instal\u00b7lem finestres, portes i tancaments d&#8217;alta qualitat, assegurant a\u00efllament t\u00e8rmic, ac\u00fastic i durabilitat. TREBALLS DE FERRO I ACER [&hellip;]<\/p>\n","protected":false},"author":1,"featured_media":0,"parent":0,"menu_order":0,"comment_status":"closed","ping_status":"closed","template":"","meta":{"footnotes":""},"class_list":["post-682","page","type-page","status-publish","hentry"],"yoast_head":"<!-- This site is optimized with the Yoast SEO plugin v27.4 - https:\/\/yoast.com\/product\/yoast-seo-wordpress\/ -->\n<title>Serveis - miru<\/title>\n<meta name=\"robots\" content=\"index, follow, max-snippet:-1, max-image-preview:large, max-video-preview:-1\" \/>\n<link rel=\"canonical\" href=\"https:\/\/mirureformes.com\/ca\/serveis\/\" \/>\n<meta property=\"og:locale\" content=\"ca_ES\" \/>\n<meta property=\"og:type\" content=\"article\" \/>\n<meta property=\"og:title\" content=\"Serveis - miru\" \/>\n<meta property=\"og:description\" content=\"SERVEIS REFORMES INTEGRALS Dissenyem i executem reformes completes per transformar qualsevol espai. Ens encarreguem de tot, des del disseny fins als acabats, amb solucions personalitzades per a casa teva o negoci. FUSTERIA D&#8217;ALUMINI I PVC Fabriquem i instal\u00b7lem finestres, portes i tancaments d&#8217;alta qualitat, assegurant a\u00efllament t\u00e8rmic, ac\u00fastic i durabilitat. TREBALLS DE FERRO I ACER [&hellip;]\" \/>\n<meta property=\"og:url\" content=\"https:\/\/mirureformes.com\/ca\/serveis\/\" \/>\n<meta property=\"og:site_name\" content=\"miru\" \/>\n<meta property=\"article:modified_time\" content=\"2025-04-16T15:24:52+00:00\" \/>\n<meta property=\"og:image\" content=\"https:\/\/mirureformes.com\/wp-content\/uploads\/2025\/03\/obra.png\" \/>\n\t<meta property=\"og:image:width\" content=\"1340\" \/>\n\t<meta property=\"og:image:height\" content=\"422\" \/>\n\t<meta property=\"og:image:type\" content=\"image\/png\" \/>\n<meta name=\"twitter:card\" content=\"summary_large_image\" \/>\n<meta name=\"twitter:label1\" content=\"Temps estimat de lectura\" \/>\n\t<meta name=\"twitter:data1\" content=\"1 minut\" \/>\n<script type=\"application\/ld+json\" class=\"yoast-schema-graph\">{\"@context\":\"https:\\\/\\\/schema.org\",\"@graph\":[{\"@type\":\"WebPage\",\"@id\":\"https:\\\/\\\/mirureformes.com\\\/ca\\\/serveis\\\/\",\"url\":\"https:\\\/\\\/mirureformes.com\\\/ca\\\/serveis\\\/\",\"name\":\"Serveis - miru\",\"isPartOf\":{\"@id\":\"https:\\\/\\\/mirureformes.com\\\/ca\\\/#website\"},\"primaryImageOfPage\":{\"@id\":\"https:\\\/\\\/mirureformes.com\\\/ca\\\/serveis\\\/#primaryimage\"},\"image\":{\"@id\":\"https:\\\/\\\/mirureformes.com\\\/ca\\\/serveis\\\/#primaryimage\"},\"thumbnailUrl\":\"https:\\\/\\\/mirureformes.com\\\/wp-content\\\/uploads\\\/2025\\\/03\\\/obra.png\",\"datePublished\":\"2025-02-25T20:36:23+00:00\",\"dateModified\":\"2025-04-16T15:24:52+00:00\",\"breadcrumb\":{\"@id\":\"https:\\\/\\\/mirureformes.com\\\/ca\\\/serveis\\\/#breadcrumb\"},\"inLanguage\":\"ca\",\"potentialAction\":[{\"@type\":\"ReadAction\",\"target\":[\"https:\\\/\\\/mirureformes.com\\\/ca\\\/serveis\\\/\"]}]},{\"@type\":\"ImageObject\",\"inLanguage\":\"ca\",\"@id\":\"https:\\\/\\\/mirureformes.com\\\/ca\\\/serveis\\\/#primaryimage\",\"url\":\"https:\\\/\\\/mirureformes.com\\\/wp-content\\\/uploads\\\/2025\\\/03\\\/obra.png\",\"contentUrl\":\"https:\\\/\\\/mirureformes.com\\\/wp-content\\\/uploads\\\/2025\\\/03\\\/obra.png\"},{\"@type\":\"BreadcrumbList\",\"@id\":\"https:\\\/\\\/mirureformes.com\\\/ca\\\/serveis\\\/#breadcrumb\",\"itemListElement\":[{\"@type\":\"ListItem\",\"position\":1,\"name\":\"Home\",\"item\":\"https:\\\/\\\/mirureformes.com\\\/ca\\\/\"},{\"@type\":\"ListItem\",\"position\":2,\"name\":\"Serveis\"}]},{\"@type\":\"WebSite\",\"@id\":\"https:\\\/\\\/mirureformes.com\\\/ca\\\/#website\",\"url\":\"https:\\\/\\\/mirureformes.com\\\/ca\\\/\",\"name\":\"miru\",\"description\":\"\",\"potentialAction\":[{\"@type\":\"SearchAction\",\"target\":{\"@type\":\"EntryPoint\",\"urlTemplate\":\"https:\\\/\\\/mirureformes.com\\\/ca\\\/?s={search_term_string}\"},\"query-input\":{\"@type\":\"PropertyValueSpecification\",\"valueRequired\":true,\"valueName\":\"search_term_string\"}}],\"inLanguage\":\"ca\"}]}<\/script>\n<!-- \/ Yoast SEO plugin. -->","yoast_head_json":{"title":"Serveis - miru","robots":{"index":"index","follow":"follow","max-snippet":"max-snippet:-1","max-image-preview":"max-image-preview:large","max-video-preview":"max-video-preview:-1"},"canonical":"https:\/\/mirureformes.com\/ca\/serveis\/","og_locale":"ca_ES","og_type":"article","og_title":"Serveis - miru","og_description":"SERVEIS REFORMES INTEGRALS Dissenyem i executem reformes completes per transformar qualsevol espai. Ens encarreguem de tot, des del disseny fins als acabats, amb solucions personalitzades per a casa teva o negoci. FUSTERIA D&#8217;ALUMINI I PVC Fabriquem i instal\u00b7lem finestres, portes i tancaments d&#8217;alta qualitat, assegurant a\u00efllament t\u00e8rmic, ac\u00fastic i durabilitat. TREBALLS DE FERRO I ACER [&hellip;]","og_url":"https:\/\/mirureformes.com\/ca\/serveis\/","og_site_name":"miru","article_modified_time":"2025-04-16T15:24:52+00:00","og_image":[{"width":1340,"height":422,"url":"https:\/\/mirureformes.com\/wp-content\/uploads\/2025\/03\/obra.png","type":"image\/png"}],"twitter_card":"summary_large_image","twitter_misc":{"Temps estimat de lectura":"1 minut"},"schema":{"@context":"https:\/\/schema.org","@graph":[{"@type":"WebPage","@id":"https:\/\/mirureformes.com\/ca\/serveis\/","url":"https:\/\/mirureformes.com\/ca\/serveis\/","name":"Serveis - miru","isPartOf":{"@id":"https:\/\/mirureformes.com\/ca\/#website"},"primaryImageOfPage":{"@id":"https:\/\/mirureformes.com\/ca\/serveis\/#primaryimage"},"image":{"@id":"https:\/\/mirureformes.com\/ca\/serveis\/#primaryimage"},"thumbnailUrl":"https:\/\/mirureformes.com\/wp-content\/uploads\/2025\/03\/obra.png","datePublished":"2025-02-25T20:36:23+00:00","dateModified":"2025-04-16T15:24:52+00:00","breadcrumb":{"@id":"https:\/\/mirureformes.com\/ca\/serveis\/#breadcrumb"},"inLanguage":"ca","potentialAction":[{"@type":"ReadAction","target":["https:\/\/mirureformes.com\/ca\/serveis\/"]}]},{"@type":"ImageObject","inLanguage":"ca","@id":"https:\/\/mirureformes.com\/ca\/serveis\/#primaryimage","url":"https:\/\/mirureformes.com\/wp-content\/uploads\/2025\/03\/obra.png","contentUrl":"https:\/\/mirureformes.com\/wp-content\/uploads\/2025\/03\/obra.png"},{"@type":"BreadcrumbList","@id":"https:\/\/mirureformes.com\/ca\/serveis\/#breadcrumb","itemListElement":[{"@type":"ListItem","position":1,"name":"Home","item":"https:\/\/mirureformes.com\/ca\/"},{"@type":"ListItem","position":2,"name":"Serveis"}]},{"@type":"WebSite","@id":"https:\/\/mirureformes.com\/ca\/#website","url":"https:\/\/mirureformes.com\/ca\/","name":"miru","description":"","potentialAction":[{"@type":"SearchAction","target":{"@type":"EntryPoint","urlTemplate":"https:\/\/mirureformes.com\/ca\/?s={search_term_string}"},"query-input":{"@type":"PropertyValueSpecification","valueRequired":true,"valueName":"search_term_string"}}],"inLanguage":"ca"}]}},"_links":{"self":[{"href":"https:\/\/mirureformes.com\/ca\/wp-json\/wp\/v2\/pages\/682","targetHints":{"allow":["GET"]}}],"collection":[{"href":"https:\/\/mirureformes.com\/ca\/wp-json\/wp\/v2\/pages"}],"about":[{"href":"https:\/\/mirureformes.com\/ca\/wp-json\/wp\/v2\/types\/page"}],"author":[{"embeddable":true,"href":"https:\/\/mirureformes.com\/ca\/wp-json\/wp\/v2\/users\/1"}],"replies":[{"embeddable":true,"href":"https:\/\/mirureformes.com\/ca\/wp-json\/wp\/v2\/comments?post=682"}],"version-history":[{"count":0,"href":"https:\/\/mirureformes.com\/ca\/wp-json\/wp\/v2\/pages\/682\/revisions"}],"wp:attachment":[{"href":"https:\/\/mirureformes.com\/ca\/wp-json\/wp\/v2\/media?parent=682"}],"curies":[{"name":"wp","href":"https:\/\/api.w.org\/{rel}","templated":true}]}}